{"id":4472,"date":"2016-03-16T19:50:28","date_gmt":"2016-03-16T19:50:28","guid":{"rendered":"https:\/\/mercedesconsultinghomes.es\/web\/contacto\/"},"modified":"2026-03-01T11:22:48","modified_gmt":"2026-03-01T11:22:48","slug":"contacto","status":"publish","type":"page","link":"https:\/\/gbinmobiliaria.com\/fr\/contacto\/","title":{"rendered":"Contacto"},"content":{"rendered":"\t\t<div data-elementor-type=\"wp-post\" data-elementor-id=\"4472\" class=\"elementor elementor-4472 elementor-1100\">\n\t\t\t\t\t\t<section class=\"elementor-section elementor-top-section elementor-element elementor-element-10fffc2e elementor-section-boxed elementor-section-height-default elementor-section-height-default\" data-id=\"10fffc2e\" data-element_type=\"section\">\n\t\t\t\t\t\t<div class=\"elementor-container elementor-column-gap-default\">\n\t\t\t\t\t<div class=\"elementor-column elementor-col-100 elementor-top-column elementor-element elementor-element-2ca48d39\" data-id=\"2ca48d39\" data-element_type=\"column\">\n\t\t\t<div class=\"elementor-widget-wrap elementor-element-populated\">\n\t\t\t\t\t\t<div class=\"elementor-element elementor-element-7370afc1 elementor-widget elementor-widget-houzez_elementor_space\" data-id=\"7370afc1\" data-element_type=\"widget\" data-widget_type=\"houzez_elementor_space.default\">\n\t\t\t\t<div class=\"elementor-widget-container\">\n\t\t\t\t\t        <div class=\"houzez-spacer\">\n            <div class=\"houzez-spacer-inner\"><\/div>\n        <\/div>\n        \t\t\t\t<\/div>\n\t\t\t\t<\/div>\n\t\t\t\t\t<\/div>\n\t\t<\/div>\n\t\t\t\t\t<\/div>\n\t\t<\/section>\n\t\t\t\t<section class=\"elementor-section elementor-top-section elementor-element elementor-element-24162240 elementor-section-content-top animated-slow elementor-section-boxed elementor-section-height-default elementor-section-height-default elementor-invisible\" data-id=\"24162240\" data-element_type=\"section\" data-settings=\"{&quot;animation&quot;:&quot;fadeIn&quot;}\">\n\t\t\t\t\t\t<div class=\"elementor-container elementor-column-gap-default\">\n\t\t\t\t\t<div class=\"elementor-column elementor-col-50 elementor-top-column elementor-element elementor-element-39a8ea11\" data-id=\"39a8ea11\" data-element_type=\"column\" data-settings=\"{&quot;background_background&quot;:&quot;classic&quot;}\">\n\t\t\t<div class=\"elementor-widget-wrap elementor-element-populated\">\n\t\t\t\t\t\t<div class=\"elementor-element elementor-element-60a0df93 elementor-widget elementor-widget-google_maps\" data-id=\"60a0df93\" data-element_type=\"widget\" data-widget_type=\"google_maps.default\">\n\t\t\t\t<div class=\"elementor-widget-container\">\n\t\t\t\t\t\t\t<div class=\"elementor-custom-embed\">\n\t\t\t<iframe loading=\"lazy\"\n\t\t\t\t\tsrc=\"https:\/\/maps.google.com\/maps?q=C%2F%20del%20mar%2015%2C%2003182%20torrevieja&#038;t=m&#038;z=13&#038;output=embed&#038;iwloc=near\"\n\t\t\t\t\ttitle=\"C\/ del mar 15, 03182 torrevieja\"\n\t\t\t\t\taria-label=\"C\/ del mar 15, 03182 torrevieja\"\n\t\t\t><\/iframe>\n\t\t<\/div>\n\t\t\t\t\t\t<\/div>\n\t\t\t\t<\/div>\n\t\t\t\t<div class=\"elementor-element elementor-element-3a077dca elementor-widget elementor-widget-text-editor\" data-id=\"3a077dca\" data-element_type=\"widget\" data-widget_type=\"text-editor.default\">\n\t\t\t\t<div class=\"elementor-widget-container\">\n\t\t\t\t\t\t\t\t\t<p>Pour toute information compl\u00e9mentaire dont vous pourriez avoir besoin, veuillez remplir le formulaire suivant.<\/p>\t\t\t\t\t\t\t\t<\/div>\n\t\t\t\t<\/div>\n\t\t\t\t<div class=\"elementor-element elementor-element-1c60f9dd elementor-button-align-stretch elementor-widget elementor-widget-houzez_elementor_contact_form\" data-id=\"1c60f9dd\" data-element_type=\"widget\" data-widget_type=\"houzez_elementor_contact_form.default\">\n\t\t\t\t<div class=\"elementor-widget-container\">\n\t\t\t\t\t\n        <script type=\"application\/javascript\">\n            jQuery(document).bind(\"ready\", function () {\n                houzezValidateElementor(\"#houzez-form-1c60f9dd\" );\n            });\n        <\/script>\n\n        <form class=\"elementor-form houzez-ele-form-js\" id=\"houzez-form-1c60f9dd\" method=\"post\" name=\"New Form\" action=\"https:\/\/gbinmobiliaria.com\/wp-admin\/admin-ajax.php\">\n            <input type=\"hidden\" name=\"form_id\" value=\"1c60f9dd\"\/>\n            <input type=\"hidden\" name=\"houzez_contact_form\" value=\"yes\"\/>\n            <input type=\"hidden\" name=\"action\" value=\"houzez_ele_contact_form\" \/>\n            <input type=\"hidden\" name=\"source_link\" value=\"https:\/\/gbinmobiliaria.com\/fr\/contacto\/\" \/>\n            <input type=\"hidden\" name=\"lead_page_id\" value=\"4472\" \/>\n            <input type=\"hidden\" name=\"webhook\" value=\"\" \/>\n            <input type=\"hidden\" name=\"webhook_url\" value=\"\" \/>\n            <input type=\"hidden\" name=\"redirect_to\" value=\"\" \/>\n            <input type=\"hidden\" name=\"google_recaptcha\" value=\"\" \/>\n            \n\n            <div class=\"elementor-form-fields-wrapper elementor-labels-above\">\n\n                                    <div class=\"elementor-field-group elementor-column form-group elementor-field-group-name elementor-col-50 elementor-field-required elementor-mark-required\">\n                    <label for=\"form-field-name\" class=\"elementor-field-label\">Nom<\/label><input type=\"text\" name=\"first_name\" id=\"form-field-name\" class=\"elementor-field form-control elementor-size-sm elementor-field-textual\" placeholder=\"Entrez votre nom\" title=\"* Nom\" required=\"required\">                    <\/div>\n\n                                        <div class=\"elementor-field-group elementor-column form-group elementor-field-group-bf18955 elementor-col-50 elementor-field-required elementor-mark-required\">\n                    <label for=\"form-field-bf18955\" class=\"elementor-field-label\">Pr\u00e9nom<\/label><input type=\"text\" name=\"last_name\" id=\"form-field-bf18955\" class=\"elementor-field form-control elementor-size-sm elementor-field-textual\" placeholder=\"Entre votre pr\u00e9nom\" title=\"* Pr\u00e9nom\" required=\"required\">                    <\/div>\n\n                                        <div class=\"elementor-field-group elementor-column form-group elementor-field-group-email elementor-col-100 elementor-field-required elementor-mark-required\">\n                    <label for=\"form-field-email\" class=\"elementor-field-label\">E-mail<\/label><input type=\"email\" name=\"email\" id=\"form-field-email\" class=\"elementor-field form-control elementor-size-sm elementor-field-textual\" placeholder=\"E-mail\" title=\"* E-mail\" required=\"required\">                    <\/div>\n\n                                        <div class=\"elementor-field-group elementor-column form-group elementor-field-group-message elementor-col-100 elementor-field-required elementor-mark-required\">\n                    <label for=\"form-field-message\" class=\"elementor-field-label\">Message<\/label><textarea class=\"elementor-field-textual elementor-field elementor-size-sm\" name=\"message\" id=\"form-field-message\" rows=\"4\" placeholder=\"Message\" required=\"required\" title=\"* Message\"><\/textarea>                    <\/div>\n\n                    \n                    \n                                        \n                    <div class=\"houzez-gdpr-agreement elementor-field-group elementor-col-100\">\n                        <label for=\"gdpr_agreement\" class=\"elementor-field-label\">Politique de confidentialit\u00e9<\/label>\n                        <div class=\"gdpr-agreement-subgroup\">\n                            <span class=\"gdpr-field-option\">\n                                <label class=\"gdpr-text\" for=\"gdpr_agreement\">\n                                    <input required type=\"checkbox\" name=\"gdpr_agreement\" id=\"gdpr_agreement\" title=\"* Politique de confidentialit\u00e9\">  Pour envoyer ce formulaire, vous devez accepter notre <a href=\"https:\/\/gbinmobiliaria.com\/fr\/politica-privacidad\/\">Politique de confidentialit\u00e9<\/a>                                <\/label>\n                            <\/span>\n                        <\/div>             \n                    <\/div>\n                    \n                    \n                    <div class=\"elementor-field-group elementor-column elementor-field-type-submit elementor-col-100\">\n                    <button type=\"submit\" class=\"houzez-submit-button houzez-contact-form-js elementor-button elementor-size-sm\">\n                        <i class=\"btn-loader houzez-loader-js\"><\/i>\n                                                    Envoyer                                            <\/button>\n                <\/div>\n            <\/div><!-- End wrapper-->\n            <br\/>\n            <div class=\"ele-form-messages\"><\/div>\n            <div class=\"error-container\"><\/div>\n\n        <\/form>\n\n    \t\t\t\t<\/div>\n\t\t\t\t<\/div>\n\t\t\t\t\t<\/div>\n\t\t<\/div>\n\t\t\t\t<div class=\"elementor-column elementor-col-25 elementor-top-column elementor-element elementor-element-52beb49d\" data-id=\"52beb49d\" data-element_type=\"column\">\n\t\t\t<div class=\"elementor-widget-wrap\">\n\t\t\t\t\t\t\t<\/div>\n\t\t<\/div>\n\t\t\t\t<div class=\"elementor-column elementor-col-25 elementor-top-column elementor-element elementor-element-3f4b097e\" data-id=\"3f4b097e\" data-element_type=\"column\">\n\t\t\t<div class=\"elementor-widget-wrap elementor-element-populated\">\n\t\t\t\t\t\t<div class=\"elementor-element elementor-element-62c17e57 elementor-widget elementor-widget-text-editor\" data-id=\"62c17e57\" data-element_type=\"widget\" data-widget_type=\"text-editor.default\">\n\t\t\t\t<div class=\"elementor-widget-container\">\n\t\t\t\t\t\t\t\t\t<p><strong>Informaci\u00f3n de contacto<\/strong><strong>:<\/strong><\/p><p><img decoding=\"async\" class=\"wp-image-10813 aligncenter\" src=\"https:\/\/gbinmobiliaria.com\/wp-content\/uploads\/2025\/04\/gb_logo.png\" alt=\"\" width=\"154\" height=\"195\" srcset=\"https:\/\/gbinmobiliaria.com\/wp-content\/uploads\/2025\/04\/gb_logo.png 306w, https:\/\/gbinmobiliaria.com\/wp-content\/uploads\/2025\/04\/gb_logo-237x300.png 237w\" sizes=\"(max-width: 154px) 100vw, 154px\" \/><\/p><p>T. +34 615 390 624<br \/>T. +32 495 644 036<\/p><p>C\/ del Mar, 15 &#8211; 03182 Torrevieja<br \/><a href=\"info@gbinmobiliaria.com\">info@gbinmobiliaria.com<\/a><br \/>Alicante &#8211; Espa\u00f1a<\/p>\t\t\t\t\t\t\t\t<\/div>\n\t\t\t\t<\/div>\n\t\t\t\t\t<\/div>\n\t\t<\/div>\n\t\t\t\t\t<\/div>\n\t\t<\/section>\n\t\t\t\t<section class=\"elementor-section elementor-top-section elementor-element elementor-element-63a857e2 elementor-section-boxed elementor-section-height-default elementor-section-height-default\" data-id=\"63a857e2\" data-element_type=\"section\">\n\t\t\t\t\t\t<div class=\"elementor-container elementor-column-gap-default\">\n\t\t\t\t\t<div class=\"elementor-column elementor-col-100 elementor-top-column elementor-element elementor-element-40559f85\" data-id=\"40559f85\" data-element_type=\"column\">\n\t\t\t<div class=\"elementor-widget-wrap elementor-element-populated\">\n\t\t\t\t\t\t<div class=\"elementor-element elementor-element-27406cc4 elementor-widget elementor-widget-spacer\" data-id=\"27406cc4\" data-element_type=\"widget\" data-widget_type=\"spacer.default\">\n\t\t\t\t<div class=\"elementor-widget-container\">\n\t\t\t\t\t\t\t<div class=\"elementor-spacer\">\n\t\t\t<div class=\"elementor-spacer-inner\"><\/div>\n\t\t<\/div>\n\t\t\t\t\t\t<\/div>\n\t\t\t\t<\/div>\n\t\t\t\t\t<\/div>\n\t\t<\/div>\n\t\t\t\t\t<\/div>\n\t\t<\/section>\n\t\t\t\t<\/div>\n\t\t","protected":false},"excerpt":{"rendered":"<p>Pour toute information compl\u00e9mentaire dont vous pourriez avoir besoin, veuillez remplir le formulaire suivant. Nom Pr\u00e9nom E-mail Message Politique de confidentialit\u00e9 Pour envoyer ce formulaire, vous devez accepter notre Politique de confidentialit\u00e9 Envoyer Informaci\u00f3n de contacto: T. +34 615 390 624T. +32 495 644 036 C\/ del Mar, 15 &#8211; 03182 Torreviejainfo@gbinmobiliaria.comAlicante &#8211; Espa\u00f1a<\/p>\n","protected":false},"author":1,"featured_media":0,"parent":0,"menu_order":0,"comment_status":"closed","ping_status":"closed","template":"elementor_header_footer","meta":{"footnotes":""},"class_list":["post-4472","page","type-page","status-publish","hentry"],"yoast_head":"<!-- This site is optimized with the Yoast SEO plugin v27.0 - https:\/\/yoast.com\/product\/yoast-seo-wordpress\/ -->\n<title>Contacto - GB INMOBILIARIA - REAL ESTATE<\/title>\n<meta name=\"robots\" content=\"index, follow, max-snippet:-1, max-image-preview:large, max-video-preview:-1\" \/>\n<link rel=\"canonical\" href=\"https:\/\/gbinmobiliaria.com\/fr\/contacto\/\" \/>\n<meta property=\"og:locale\" content=\"fr_FR\" \/>\n<meta property=\"og:type\" content=\"article\" \/>\n<meta property=\"og:title\" content=\"Contacto - GB INMOBILIARIA - REAL ESTATE\" \/>\n<meta property=\"og:description\" content=\"Pour toute information compl\u00e9mentaire dont vous pourriez avoir besoin, veuillez remplir le formulaire suivant. Nom Pr\u00e9nom E-mail Message Politique de confidentialit\u00e9 Pour envoyer ce formulaire, vous devez accepter notre Politique de confidentialit\u00e9 Envoyer Informaci\u00f3n de contacto: T. +34 615 390 624T. +32 495 644 036 C\/ del Mar, 15 &#8211; 03182 Torreviejainfo@gbinmobiliaria.comAlicante &#8211; Espa\u00f1a\" \/>\n<meta property=\"og:url\" content=\"https:\/\/gbinmobiliaria.com\/fr\/contacto\/\" \/>\n<meta property=\"og:site_name\" content=\"GB INMOBILIARIA - REAL ESTATE\" \/>\n<meta property=\"article:modified_time\" content=\"2026-03-01T11:22:48+00:00\" \/>\n<meta property=\"og:image\" content=\"https:\/\/gbinmobiliaria.com\/wp-content\/uploads\/2025\/04\/gb_logo.png\" \/>\n\t<meta property=\"og:image:width\" content=\"306\" \/>\n\t<meta property=\"og:image:height\" content=\"387\" \/>\n\t<meta property=\"og:image:type\" content=\"image\/png\" \/>\n<meta name=\"twitter:card\" content=\"summary_large_image\" \/>\n<meta name=\"twitter:label1\" content=\"Dur\u00e9e de lecture estim\u00e9e\" \/>\n\t<meta name=\"twitter:data1\" content=\"1 minute\" \/>\n<script type=\"application\/ld+json\" class=\"yoast-schema-graph\">{\"@context\":\"https:\/\/schema.org\",\"@graph\":[{\"@type\":\"WebPage\",\"@id\":\"https:\/\/gbinmobiliaria.com\/fr\/contacto\/\",\"url\":\"https:\/\/gbinmobiliaria.com\/fr\/contacto\/\",\"name\":\"Contacto - GB INMOBILIARIA - REAL ESTATE\",\"isPartOf\":{\"@id\":\"https:\/\/gbinmobiliaria.com\/#website\"},\"primaryImageOfPage\":{\"@id\":\"https:\/\/gbinmobiliaria.com\/fr\/contacto\/#primaryimage\"},\"image\":{\"@id\":\"https:\/\/gbinmobiliaria.com\/fr\/contacto\/#primaryimage\"},\"thumbnailUrl\":\"https:\/\/gbinmobiliaria.com\/wp-content\/uploads\/2025\/04\/gb_logo.png\",\"datePublished\":\"2016-03-16T19:50:28+00:00\",\"dateModified\":\"2026-03-01T11:22:48+00:00\",\"breadcrumb\":{\"@id\":\"https:\/\/gbinmobiliaria.com\/fr\/contacto\/#breadcrumb\"},\"inLanguage\":\"fr-FR\",\"potentialAction\":[{\"@type\":\"ReadAction\",\"target\":[\"https:\/\/gbinmobiliaria.com\/fr\/contacto\/\"]}]},{\"@type\":\"ImageObject\",\"inLanguage\":\"fr-FR\",\"@id\":\"https:\/\/gbinmobiliaria.com\/fr\/contacto\/#primaryimage\",\"url\":\"https:\/\/gbinmobiliaria.com\/wp-content\/uploads\/2025\/04\/gb_logo.png\",\"contentUrl\":\"https:\/\/gbinmobiliaria.com\/wp-content\/uploads\/2025\/04\/gb_logo.png\"},{\"@type\":\"BreadcrumbList\",\"@id\":\"https:\/\/gbinmobiliaria.com\/fr\/contacto\/#breadcrumb\",\"itemListElement\":[{\"@type\":\"ListItem\",\"position\":1,\"name\":\"Portada\",\"item\":\"https:\/\/gbinmobiliaria.com\/en\/\"},{\"@type\":\"ListItem\",\"position\":2,\"name\":\"Contacto\"}]},{\"@type\":\"WebSite\",\"@id\":\"https:\/\/gbinmobiliaria.com\/#website\",\"url\":\"https:\/\/gbinmobiliaria.com\/\",\"name\":\"GB INMOBILIARIA - REAL ESTATE\",\"description\":\"Inmobiliaria y Servicios inmobiliarios\",\"publisher\":{\"@id\":\"https:\/\/gbinmobiliaria.com\/#organization\"},\"potentialAction\":[{\"@type\":\"SearchAction\",\"target\":{\"@type\":\"EntryPoint\",\"urlTemplate\":\"https:\/\/gbinmobiliaria.com\/?s={search_term_string}\"},\"query-input\":{\"@type\":\"PropertyValueSpecification\",\"valueRequired\":true,\"valueName\":\"search_term_string\"}}],\"inLanguage\":\"fr-FR\"},{\"@type\":\"Organization\",\"@id\":\"https:\/\/gbinmobiliaria.com\/#organization\",\"name\":\"GB INMOBILIARIA - REAL ESTATE\",\"url\":\"https:\/\/gbinmobiliaria.com\/\",\"logo\":{\"@type\":\"ImageObject\",\"inLanguage\":\"fr-FR\",\"@id\":\"https:\/\/gbinmobiliaria.com\/#\/schema\/logo\/image\/\",\"url\":\"https:\/\/gbinmobiliaria.com\/wp-content\/uploads\/2022\/09\/inmo-del-mar.jpg\",\"contentUrl\":\"https:\/\/gbinmobiliaria.com\/wp-content\/uploads\/2022\/09\/inmo-del-mar.jpg\",\"width\":1623,\"height\":865,\"caption\":\"GB INMOBILIARIA - REAL ESTATE\"},\"image\":{\"@id\":\"https:\/\/gbinmobiliaria.com\/#\/schema\/logo\/image\/\"}}]}<\/script>\n<!-- \/ Yoast SEO plugin. -->","yoast_head_json":{"title":"Contacto - GB INMOBILIARIA - REAL ESTATE","robots":{"index":"index","follow":"follow","max-snippet":"max-snippet:-1","max-image-preview":"max-image-preview:large","max-video-preview":"max-video-preview:-1"},"canonical":"https:\/\/gbinmobiliaria.com\/fr\/contacto\/","og_locale":"fr_FR","og_type":"article","og_title":"Contacto - GB INMOBILIARIA - REAL ESTATE","og_description":"Pour toute information compl\u00e9mentaire dont vous pourriez avoir besoin, veuillez remplir le formulaire suivant. Nom Pr\u00e9nom E-mail Message Politique de confidentialit\u00e9 Pour envoyer ce formulaire, vous devez accepter notre Politique de confidentialit\u00e9 Envoyer Informaci\u00f3n de contacto: T. +34 615 390 624T. +32 495 644 036 C\/ del Mar, 15 &#8211; 03182 Torreviejainfo@gbinmobiliaria.comAlicante &#8211; Espa\u00f1a","og_url":"https:\/\/gbinmobiliaria.com\/fr\/contacto\/","og_site_name":"GB INMOBILIARIA - REAL ESTATE","article_modified_time":"2026-03-01T11:22:48+00:00","og_image":[{"width":306,"height":387,"url":"https:\/\/gbinmobiliaria.com\/wp-content\/uploads\/2025\/04\/gb_logo.png","type":"image\/png"}],"twitter_card":"summary_large_image","twitter_misc":{"Dur\u00e9e de lecture estim\u00e9e":"1 minute"},"schema":{"@context":"https:\/\/schema.org","@graph":[{"@type":"WebPage","@id":"https:\/\/gbinmobiliaria.com\/fr\/contacto\/","url":"https:\/\/gbinmobiliaria.com\/fr\/contacto\/","name":"Contacto - GB INMOBILIARIA - REAL ESTATE","isPartOf":{"@id":"https:\/\/gbinmobiliaria.com\/#website"},"primaryImageOfPage":{"@id":"https:\/\/gbinmobiliaria.com\/fr\/contacto\/#primaryimage"},"image":{"@id":"https:\/\/gbinmobiliaria.com\/fr\/contacto\/#primaryimage"},"thumbnailUrl":"https:\/\/gbinmobiliaria.com\/wp-content\/uploads\/2025\/04\/gb_logo.png","datePublished":"2016-03-16T19:50:28+00:00","dateModified":"2026-03-01T11:22:48+00:00","breadcrumb":{"@id":"https:\/\/gbinmobiliaria.com\/fr\/contacto\/#breadcrumb"},"inLanguage":"fr-FR","potentialAction":[{"@type":"ReadAction","target":["https:\/\/gbinmobiliaria.com\/fr\/contacto\/"]}]},{"@type":"ImageObject","inLanguage":"fr-FR","@id":"https:\/\/gbinmobiliaria.com\/fr\/contacto\/#primaryimage","url":"https:\/\/gbinmobiliaria.com\/wp-content\/uploads\/2025\/04\/gb_logo.png","contentUrl":"https:\/\/gbinmobiliaria.com\/wp-content\/uploads\/2025\/04\/gb_logo.png"},{"@type":"BreadcrumbList","@id":"https:\/\/gbinmobiliaria.com\/fr\/contacto\/#breadcrumb","itemListElement":[{"@type":"ListItem","position":1,"name":"Portada","item":"https:\/\/gbinmobiliaria.com\/en\/"},{"@type":"ListItem","position":2,"name":"Contacto"}]},{"@type":"WebSite","@id":"https:\/\/gbinmobiliaria.com\/#website","url":"https:\/\/gbinmobiliaria.com\/","name":"GB INMOBILIARIA - REAL ESTATE","description":"Inmobiliaria y Servicios inmobiliarios","publisher":{"@id":"https:\/\/gbinmobiliaria.com\/#organization"},"potentialAction":[{"@type":"SearchAction","target":{"@type":"EntryPoint","urlTemplate":"https:\/\/gbinmobiliaria.com\/?s={search_term_string}"},"query-input":{"@type":"PropertyValueSpecification","valueRequired":true,"valueName":"search_term_string"}}],"inLanguage":"fr-FR"},{"@type":"Organization","@id":"https:\/\/gbinmobiliaria.com\/#organization","name":"GB INMOBILIARIA - REAL ESTATE","url":"https:\/\/gbinmobiliaria.com\/","logo":{"@type":"ImageObject","inLanguage":"fr-FR","@id":"https:\/\/gbinmobiliaria.com\/#\/schema\/logo\/image\/","url":"https:\/\/gbinmobiliaria.com\/wp-content\/uploads\/2022\/09\/inmo-del-mar.jpg","contentUrl":"https:\/\/gbinmobiliaria.com\/wp-content\/uploads\/2022\/09\/inmo-del-mar.jpg","width":1623,"height":865,"caption":"GB INMOBILIARIA - REAL ESTATE"},"image":{"@id":"https:\/\/gbinmobiliaria.com\/#\/schema\/logo\/image\/"}}]}},"_links":{"self":[{"href":"https:\/\/gbinmobiliaria.com\/fr\/wp-json\/wp\/v2\/pages\/4472","targetHints":{"allow":["GET"]}}],"collection":[{"href":"https:\/\/gbinmobiliaria.com\/fr\/wp-json\/wp\/v2\/pages"}],"about":[{"href":"https:\/\/gbinmobiliaria.com\/fr\/wp-json\/wp\/v2\/types\/page"}],"author":[{"embeddable":true,"href":"https:\/\/gbinmobiliaria.com\/fr\/wp-json\/wp\/v2\/users\/1"}],"replies":[{"embeddable":true,"href":"https:\/\/gbinmobiliaria.com\/fr\/wp-json\/wp\/v2\/comments?post=4472"}],"version-history":[{"count":115,"href":"https:\/\/gbinmobiliaria.com\/fr\/wp-json\/wp\/v2\/pages\/4472\/revisions"}],"predecessor-version":[{"id":15584,"href":"https:\/\/gbinmobiliaria.com\/fr\/wp-json\/wp\/v2\/pages\/4472\/revisions\/15584"}],"wp:attachment":[{"href":"https:\/\/gbinmobiliaria.com\/fr\/wp-json\/wp\/v2\/media?parent=4472"}],"curies":[{"name":"wp","href":"https:\/\/api.w.org\/{rel}","templated":true}]}}