{"id":4334,"date":"2022-03-24T17:49:23","date_gmt":"2022-03-24T17:49:23","guid":{"rendered":"https:\/\/mercedesconsultinghomes.es\/web\/aviso-legal-2\/"},"modified":"2023-02-09T15:26:45","modified_gmt":"2023-02-09T15:26:45","slug":"aviso-legal","status":"publish","type":"page","link":"https:\/\/gbinmobiliaria.com\/fr\/aviso-legal\/","title":{"rendered":"Aviso legal"},"content":{"rendered":"\r\n\r\n\r\n\r\n\r\n<div class=\"wpb_text_column wpb_content_element \">\r\n<div class=\"wpb_wrapper\">\r\n<p><strong>GB INMOBILIARIA, Inmobiliaria &#8211; Properties,<\/strong> avec adresse \u00e0\u00a0: C\/ del Mar, 13 &#8211; 03182 Torrevieja (Alicante), ne peut assumer aucune responsabilit\u00e9 d\u00e9riv\u00e9e de l&#8217;utilisation incorrecte, inappropri\u00e9e ou ill\u00e9gale des informations qui apparaissent sur les pages Web de : www.inmodelmar.es<\/p>\r\n<p>Dans les limites \u00e9tablies par la loi, www.inmodelmar.es n&#8217;assume aucune responsabilit\u00e9 d\u00e9riv\u00e9e du manque de v\u00e9racit\u00e9, d&#8217;int\u00e9grit\u00e9, de mise \u00e0 jour et d&#8217;exactitude des donn\u00e9es ou informations contenues dans ses pages Web.<br \/>Le contenu et les informations ne lient pas www.inmodelmar.es et ne constituent pas non plus des opinions, des conseils ou des conseils juridiques de quelque nature que ce soit, car il s&#8217;agit simplement d&#8217;un service offert \u00e0 des fins d&#8217;information et d&#8217;information.<\/p>\r\n<p>Les pages Internet de www.inmodelmar.es peuvent contenir des liens (links) vers d&#8217;autres pages de tiers que www.inmodelmar.es ne peut pas contr\u00f4ler. Par cons\u00e9quent, www.inmodelmar.es ne peut assumer la responsabilit\u00e9 du contenu pouvant appara\u00eetre sur les pages de tiers.<\/p>\r\n<p>Les textes, images, sons, animations, logiciels et autres contenus inclus dans ce site Web sont la propri\u00e9t\u00e9 exclusive de www.inmodelmar.es ou de ses conc\u00e9dants. Tout acte de transmission, distribution, cession, reproduction, stockage ou communication publique totale ou partielle doit avoir le consentement expr\u00e8s de www.inmodelmar.es.<\/p>\r\n<p>De m\u00eame, pour acc\u00e9der \u00e0 certains des services propos\u00e9s par www.inmodelmar.es via le site Web, vous devez fournir certaines donn\u00e9es personnelles. Conform\u00e9ment aux dispositions du R\u00e8glement (UE) 2016\/679 du Parlement europ\u00e9en et du Conseil du 27 avril 2016 relatif \u00e0 la protection des personnes physiques \u00e0 l&#8217;\u00e9gard du traitement des donn\u00e9es \u00e0 caract\u00e8re personnel et \u00e0 la libre circulation des donn\u00e9es Avec ces donn\u00e9es nous vous informons qu&#8217;en remplissant ces formulaires, vos donn\u00e9es personnelles seront incorpor\u00e9es et trait\u00e9es dans les fichiers de <strong>GB INMOBILIARIA, Inmobiliaria &#8211; Properties<\/strong>\u00a0afin de pouvoir fournir et offrir nos services ainsi que d&#8217;informer vous informer des am\u00e9liorations apport\u00e9es au site Web.<\/p>\r\n<p>Nous vous informons \u00e9galement que vous aurez la possibilit\u00e9 \u00e0 tout moment d&#8217;exercer vos droits d&#8217;acc\u00e8s, de rectification, d&#8217;annulation, d&#8217;opposition, de limitation et de portabilit\u00e9 de vos donn\u00e9es personnelles, gratuitement par e-mail \u00e0\u00a0: <a title=\"parroquiadepacheco @hotmail.com\" href=\"mailto:info\u0192@gbinmobiliaria.com\">inf@gbinmobiliaria.com<\/a> ou \u00e0 l&#8217;adresse : C\/ del Mar, 13 &#8211; 03182 Torrevieja (Alicante).<\/p>\r\n<\/div>\r\n<\/div>\r\n\r\n\r\n","protected":false},"excerpt":{"rendered":"<p>GB INMOBILIARIA, Inmobiliaria &#8211; Properties, avec adresse \u00e0\u00a0: C\/ del Mar, 13 &#8211; 03182 Torrevieja (Alicante), ne peut assumer aucune responsabilit\u00e9 d\u00e9riv\u00e9e de l&#8217;utilisation incorrecte, inappropri\u00e9e ou ill\u00e9gale des informations qui apparaissent sur les pages Web de : www.inmodelmar.es Dans les limites \u00e9tablies par la loi, www.inmodelmar.es n&#8217;assume aucune responsabilit\u00e9 d\u00e9riv\u00e9e du manque de v\u00e9racit\u00e9, [&hellip;]<\/p>\n","protected":false},"author":1,"featured_media":0,"parent":0,"menu_order":0,"comment_status":"closed","ping_status":"closed","template":"","meta":{"footnotes":""},"class_list":["post-4334","page","type-page","status-publish","hentry"],"yoast_head":"<!-- This site is optimized with the Yoast SEO plugin v27.0 - https:\/\/yoast.com\/product\/yoast-seo-wordpress\/ -->\n<title>Aviso legal - GB INMOBILIARIA - REAL ESTATE<\/title>\n<meta name=\"robots\" content=\"index, follow, max-snippet:-1, max-image-preview:large, max-video-preview:-1\" \/>\n<link rel=\"canonical\" href=\"https:\/\/gbinmobiliaria.com\/fr\/aviso-legal\/\" \/>\n<meta property=\"og:locale\" content=\"fr_FR\" \/>\n<meta property=\"og:type\" content=\"article\" \/>\n<meta property=\"og:title\" content=\"Aviso legal - GB INMOBILIARIA - REAL ESTATE\" \/>\n<meta property=\"og:description\" content=\"GB INMOBILIARIA, Inmobiliaria &#8211; Properties, avec adresse \u00e0\u00a0: C\/ del Mar, 13 &#8211; 03182 Torrevieja (Alicante), ne peut assumer aucune responsabilit\u00e9 d\u00e9riv\u00e9e de l&#8217;utilisation incorrecte, inappropri\u00e9e ou ill\u00e9gale des informations qui apparaissent sur les pages Web de : www.inmodelmar.es Dans les limites \u00e9tablies par la loi, www.inmodelmar.es n&#8217;assume aucune responsabilit\u00e9 d\u00e9riv\u00e9e du manque de v\u00e9racit\u00e9, [&hellip;]\" \/>\n<meta property=\"og:url\" content=\"https:\/\/gbinmobiliaria.com\/fr\/aviso-legal\/\" \/>\n<meta property=\"og:site_name\" content=\"GB INMOBILIARIA - REAL ESTATE\" \/>\n<meta property=\"article:modified_time\" content=\"2023-02-09T15:26:45+00:00\" \/>\n<meta name=\"twitter:card\" content=\"summary_large_image\" \/>\n<meta name=\"twitter:label1\" content=\"Dur\u00e9e de lecture estim\u00e9e\" \/>\n\t<meta name=\"twitter:data1\" content=\"2 minutes\" \/>\n<script type=\"application\/ld+json\" class=\"yoast-schema-graph\">{\"@context\":\"https:\/\/schema.org\",\"@graph\":[{\"@type\":\"WebPage\",\"@id\":\"https:\/\/gbinmobiliaria.com\/fr\/aviso-legal\/\",\"url\":\"https:\/\/gbinmobiliaria.com\/fr\/aviso-legal\/\",\"name\":\"Aviso legal - GB INMOBILIARIA - REAL ESTATE\",\"isPartOf\":{\"@id\":\"https:\/\/gbinmobiliaria.com\/#website\"},\"datePublished\":\"2022-03-24T17:49:23+00:00\",\"dateModified\":\"2023-02-09T15:26:45+00:00\",\"breadcrumb\":{\"@id\":\"https:\/\/gbinmobiliaria.com\/fr\/aviso-legal\/#breadcrumb\"},\"inLanguage\":\"fr-FR\",\"potentialAction\":[{\"@type\":\"ReadAction\",\"target\":[\"https:\/\/gbinmobiliaria.com\/fr\/aviso-legal\/\"]}]},{\"@type\":\"BreadcrumbList\",\"@id\":\"https:\/\/gbinmobiliaria.com\/fr\/aviso-legal\/#breadcrumb\",\"itemListElement\":[{\"@type\":\"ListItem\",\"position\":1,\"name\":\"Portada\",\"item\":\"https:\/\/gbinmobiliaria.com\/en\/\"},{\"@type\":\"ListItem\",\"position\":2,\"name\":\"Aviso legal\"}]},{\"@type\":\"WebSite\",\"@id\":\"https:\/\/gbinmobiliaria.com\/#website\",\"url\":\"https:\/\/gbinmobiliaria.com\/\",\"name\":\"GB INMOBILIARIA - REAL ESTATE\",\"description\":\"Inmobiliaria y Servicios inmobiliarios\",\"publisher\":{\"@id\":\"https:\/\/gbinmobiliaria.com\/#organization\"},\"potentialAction\":[{\"@type\":\"SearchAction\",\"target\":{\"@type\":\"EntryPoint\",\"urlTemplate\":\"https:\/\/gbinmobiliaria.com\/?s={search_term_string}\"},\"query-input\":{\"@type\":\"PropertyValueSpecification\",\"valueRequired\":true,\"valueName\":\"search_term_string\"}}],\"inLanguage\":\"fr-FR\"},{\"@type\":\"Organization\",\"@id\":\"https:\/\/gbinmobiliaria.com\/#organization\",\"name\":\"GB INMOBILIARIA - REAL ESTATE\",\"url\":\"https:\/\/gbinmobiliaria.com\/\",\"logo\":{\"@type\":\"ImageObject\",\"inLanguage\":\"fr-FR\",\"@id\":\"https:\/\/gbinmobiliaria.com\/#\/schema\/logo\/image\/\",\"url\":\"https:\/\/gbinmobiliaria.com\/wp-content\/uploads\/2022\/09\/inmo-del-mar.jpg\",\"contentUrl\":\"https:\/\/gbinmobiliaria.com\/wp-content\/uploads\/2022\/09\/inmo-del-mar.jpg\",\"width\":1623,\"height\":865,\"caption\":\"GB INMOBILIARIA - REAL ESTATE\"},\"image\":{\"@id\":\"https:\/\/gbinmobiliaria.com\/#\/schema\/logo\/image\/\"}}]}<\/script>\n<!-- \/ Yoast SEO plugin. -->","yoast_head_json":{"title":"Aviso legal - GB INMOBILIARIA - REAL ESTATE","robots":{"index":"index","follow":"follow","max-snippet":"max-snippet:-1","max-image-preview":"max-image-preview:large","max-video-preview":"max-video-preview:-1"},"canonical":"https:\/\/gbinmobiliaria.com\/fr\/aviso-legal\/","og_locale":"fr_FR","og_type":"article","og_title":"Aviso legal - GB INMOBILIARIA - REAL ESTATE","og_description":"GB INMOBILIARIA, Inmobiliaria &#8211; Properties, avec adresse \u00e0\u00a0: C\/ del Mar, 13 &#8211; 03182 Torrevieja (Alicante), ne peut assumer aucune responsabilit\u00e9 d\u00e9riv\u00e9e de l&#8217;utilisation incorrecte, inappropri\u00e9e ou ill\u00e9gale des informations qui apparaissent sur les pages Web de : www.inmodelmar.es Dans les limites \u00e9tablies par la loi, www.inmodelmar.es n&#8217;assume aucune responsabilit\u00e9 d\u00e9riv\u00e9e du manque de v\u00e9racit\u00e9, [&hellip;]","og_url":"https:\/\/gbinmobiliaria.com\/fr\/aviso-legal\/","og_site_name":"GB INMOBILIARIA - REAL ESTATE","article_modified_time":"2023-02-09T15:26:45+00:00","twitter_card":"summary_large_image","twitter_misc":{"Dur\u00e9e de lecture estim\u00e9e":"2 minutes"},"schema":{"@context":"https:\/\/schema.org","@graph":[{"@type":"WebPage","@id":"https:\/\/gbinmobiliaria.com\/fr\/aviso-legal\/","url":"https:\/\/gbinmobiliaria.com\/fr\/aviso-legal\/","name":"Aviso legal - GB INMOBILIARIA - REAL ESTATE","isPartOf":{"@id":"https:\/\/gbinmobiliaria.com\/#website"},"datePublished":"2022-03-24T17:49:23+00:00","dateModified":"2023-02-09T15:26:45+00:00","breadcrumb":{"@id":"https:\/\/gbinmobiliaria.com\/fr\/aviso-legal\/#breadcrumb"},"inLanguage":"fr-FR","potentialAction":[{"@type":"ReadAction","target":["https:\/\/gbinmobiliaria.com\/fr\/aviso-legal\/"]}]},{"@type":"BreadcrumbList","@id":"https:\/\/gbinmobiliaria.com\/fr\/aviso-legal\/#breadcrumb","itemListElement":[{"@type":"ListItem","position":1,"name":"Portada","item":"https:\/\/gbinmobiliaria.com\/en\/"},{"@type":"ListItem","position":2,"name":"Aviso legal"}]},{"@type":"WebSite","@id":"https:\/\/gbinmobiliaria.com\/#website","url":"https:\/\/gbinmobiliaria.com\/","name":"GB INMOBILIARIA - REAL ESTATE","description":"Inmobiliaria y Servicios inmobiliarios","publisher":{"@id":"https:\/\/gbinmobiliaria.com\/#organization"},"potentialAction":[{"@type":"SearchAction","target":{"@type":"EntryPoint","urlTemplate":"https:\/\/gbinmobiliaria.com\/?s={search_term_string}"},"query-input":{"@type":"PropertyValueSpecification","valueRequired":true,"valueName":"search_term_string"}}],"inLanguage":"fr-FR"},{"@type":"Organization","@id":"https:\/\/gbinmobiliaria.com\/#organization","name":"GB INMOBILIARIA - REAL ESTATE","url":"https:\/\/gbinmobiliaria.com\/","logo":{"@type":"ImageObject","inLanguage":"fr-FR","@id":"https:\/\/gbinmobiliaria.com\/#\/schema\/logo\/image\/","url":"https:\/\/gbinmobiliaria.com\/wp-content\/uploads\/2022\/09\/inmo-del-mar.jpg","contentUrl":"https:\/\/gbinmobiliaria.com\/wp-content\/uploads\/2022\/09\/inmo-del-mar.jpg","width":1623,"height":865,"caption":"GB INMOBILIARIA - REAL ESTATE"},"image":{"@id":"https:\/\/gbinmobiliaria.com\/#\/schema\/logo\/image\/"}}]}},"_links":{"self":[{"href":"https:\/\/gbinmobiliaria.com\/fr\/wp-json\/wp\/v2\/pages\/4334","targetHints":{"allow":["GET"]}}],"collection":[{"href":"https:\/\/gbinmobiliaria.com\/fr\/wp-json\/wp\/v2\/pages"}],"about":[{"href":"https:\/\/gbinmobiliaria.com\/fr\/wp-json\/wp\/v2\/types\/page"}],"author":[{"embeddable":true,"href":"https:\/\/gbinmobiliaria.com\/fr\/wp-json\/wp\/v2\/users\/1"}],"replies":[{"embeddable":true,"href":"https:\/\/gbinmobiliaria.com\/fr\/wp-json\/wp\/v2\/comments?post=4334"}],"version-history":[{"count":3,"href":"https:\/\/gbinmobiliaria.com\/fr\/wp-json\/wp\/v2\/pages\/4334\/revisions"}],"predecessor-version":[{"id":9737,"href":"https:\/\/gbinmobiliaria.com\/fr\/wp-json\/wp\/v2\/pages\/4334\/revisions\/9737"}],"wp:attachment":[{"href":"https:\/\/gbinmobiliaria.com\/fr\/wp-json\/wp\/v2\/media?parent=4334"}],"curies":[{"name":"wp","href":"https:\/\/api.w.org\/{rel}","templated":true}]}}