{"id":4151,"date":"2022-03-25T10:30:53","date_gmt":"2022-03-25T10:30:53","guid":{"rendered":"https:\/\/mercedesconsultinghomes.es\/web\/politica-privacidad\/"},"modified":"2023-02-09T15:29:34","modified_gmt":"2023-02-09T15:29:34","slug":"politica-privacidad","status":"publish","type":"page","link":"https:\/\/gbinmobiliaria.com\/fr\/politica-privacidad\/","title":{"rendered":"Politique de confidentialit\u00e9"},"content":{"rendered":"\r\n\r\n\r\n\r\n\r\n<div class=\"wpb_text_column wpb_content_element \">\r\n<div class=\"wpb_wrapper\">\r\n<p>En Europe et en Espagne, il existe des r\u00e9glementations sur la protection des donn\u00e9es con\u00e7ues pour prot\u00e9ger vos informations personnelles qui sont obligatoires pour notre entit\u00e9.<\/p>\r\n<p>Par cons\u00e9quent, il est tr\u00e8s important pour nous que vous compreniez parfaitement ce que nous allons faire avec les donn\u00e9es personnelles que nous demandons.<\/p>\r\n<p>Ainsi, nous serons transparents et vous donnerons le contr\u00f4le de vos donn\u00e9es, avec un langage simple et des options claires qui vous permettront de d\u00e9cider ce que nous ferons de vos informations personnelles.<\/p>\r\n<p>S&#8217;il vous pla\u00eet, si apr\u00e8s avoir lu ces informations, vous avez des questions, n&#8217;h\u00e9sitez pas \u00e0 nous les poser.<\/p>\r\n<p>Merci beaucoup pour votre collaboration.<\/p>\r\n<p><strong>Qui sommes-nous\u00a0?<\/strong><\/p>\r\n<ul>\r\n<li>Notre nom\u00a0: <strong>GB INMOBILIARIA, Inmobiliaria &#8211; Properties<\/strong><\/li>\r\n<li>Notre adresse : <strong>C\/ del Mar, 40 &#8211; 03182 Torrevieja (Alicante)<\/strong><\/li>\r\n<li>Notre num\u00e9ro de t\u00e9l\u00e9phone\u00a0: <strong>(34) 615 390 624<\/strong><\/li>\r\n<li>Notre adresse e-mail de contact: info@gbinmobiliaria.com<\/li>\r\n<li>Notre site Web\u00a0: <strong>inmodelmar.es<\/strong><\/li>\r\n<li>Pour votre confiance et votre s\u00e9curit\u00e9, nous vous informons que nous sommes une entit\u00e9 inscrite au registre du commerce \/ registre public suivant.<\/li>\r\n<li>Notre activit\u00e9 principale est soumise \u00e0 un r\u00e9gime d&#8217;autorisation administrative pr\u00e9alable. Pour votre confiance et votre s\u00e9curit\u00e9, nous vous fournissons les donn\u00e9es relatives \u00e0 ladite autorisation et l&#8217;identification de l&#8217;organisme comp\u00e9tent de notre surveillance.<\/li>\r\n<\/ul>\r\n<p>Nous sommes \u00e0 votre disposition, n&#8217;h\u00e9sitez pas \u00e0 nous contacter.<\/p>\r\n<p><strong>Pour quelle raison allons-nous utiliser vos donn\u00e9es\u00a0?<\/strong><\/p>\r\n<p>En g\u00e9n\u00e9ral, vos donn\u00e9es personnelles seront utilis\u00e9es pour pouvoir vous identifier et pour pouvoir vous fournir nos services.<\/p>\r\n<p>De m\u00eame, ils peuvent \u00e9galement \u00eatre utilis\u00e9s pour d&#8217;autres activit\u00e9s, telles que vous envoyer de la publicit\u00e9 ou promouvoir nos activit\u00e9s.<\/p>\r\n<p><strong>Pourquoi avons-nous besoin d&#8217;utiliser vos donn\u00e9es\u00a0?<\/strong><\/p>\r\n<p>Vos donn\u00e9es personnelles sont n\u00e9cessaires pour pouvoir vous identifier et pouvoir vous fournir nos services. En ce sens, nous mettrons \u00e0 votre disposition une s\u00e9rie de cases qui vous permettront de d\u00e9cider de mani\u00e8re claire et simple de l&#8217;utilisation de vos informations personnelles.<\/p>\r\n<p><strong>Qui conna\u00eetra les informations que nous demandons\u00a0?<\/strong><\/p>\r\n<p>En g\u00e9n\u00e9ral, seul le personnel de notre entit\u00e9 d\u00fbment habilit\u00e9 peut avoir connaissance des informations que nous demandons.<\/p>\r\n<p>De la m\u00eame mani\u00e8re, les entit\u00e9s qui doivent y avoir acc\u00e8s pour que nous puissions fournir nos services peuvent avoir connaissance de vos informations personnelles. Ainsi, par exemple, notre banque conna\u00eetra vos donn\u00e9es si le paiement de nos services est effectu\u00e9 par carte ou virement bancaire.<\/p>\r\n<p>De m\u00eame, les entit\u00e9s publiques ou priv\u00e9es auxquelles nous sommes oblig\u00e9s de fournir vos donn\u00e9es personnelles afin de nous conformer \u00e0 toute loi auront connaissance de vos informations. Pour vous donner un exemple, la loi fiscale vous oblige \u00e0 fournir \u00e0 l&#8217;administration fiscale certaines informations sur les op\u00e9rations \u00e9conomiques qui d\u00e9passent un certain montant.<\/p>\r\n<p>Dans le cas o\u00f9, en dehors des hypoth\u00e8ses susmentionn\u00e9es, nous devions divulguer vos informations personnelles \u00e0 d&#8217;autres entit\u00e9s, nous vous demanderons au pr\u00e9alable votre autorisation via des options claires qui vous permettront de d\u00e9cider \u00e0 cet \u00e9gard.<\/p>\r\n<p><strong>Comment allons-nous prot\u00e9ger vos donn\u00e9es\u00a0?<\/strong><\/p>\r\n<p>Nous prot\u00e9gerons vos donn\u00e9es avec des mesures de s\u00e9curit\u00e9 efficaces bas\u00e9es sur les risques li\u00e9s \u00e0 l&#8217;utilisation de vos informations.<\/p>\r\n<p>Pour ce faire, notre entit\u00e9 a approuv\u00e9 une politique de protection des donn\u00e9es et des contr\u00f4les et audits annuels sont effectu\u00e9s pour v\u00e9rifier que vos donn\u00e9es personnelles sont en s\u00e9curit\u00e9 \u00e0 tout moment.<\/p>\r\n<p><strong>Allons-nous envoyer vos donn\u00e9es vers d&#8217;autres pays\u00a0?<\/strong><\/p>\r\n<p>Dans le monde, il y a des pays qui sont s\u00fbrs pour vos donn\u00e9es et d&#8217;autres qui ne le sont pas. Par exemple, l&#8217;Union europ\u00e9enne est un environnement s\u00e9curis\u00e9 pour vos donn\u00e9es. Notre politique est de ne pas envoyer vos informations personnelles dans un pays qui n&#8217;est pas s\u00fbr du point de vue de la protection de vos donn\u00e9es.<\/p>\r\n<p>Dans le cas o\u00f9, pour fournir le service, il est essentiel d&#8217;envoyer vos donn\u00e9es dans un pays qui n&#8217;est pas aussi s\u00fbr que l&#8217;Espagne, nous demanderons toujours votre autorisation \u00e0 l&#8217;avance et appliquerons des mesures de s\u00e9curit\u00e9 efficaces qui r\u00e9duisent les risques d&#8217;envoi de vos informations personnelles vers un autre pays.<\/p>\r\n<p><strong>Combien de temps conserverons-nous vos donn\u00e9es\u00a0?<\/strong><\/p>\r\n<p>Nous conserverons vos donn\u00e9es pendant notre relation et aussi longtemps que nous y serons tenus par la loi. Une fois les d\u00e9lais l\u00e9gaux applicables expir\u00e9s, nous proc\u00e9derons \u00e0 leur \u00e9limination de mani\u00e8re s\u00fbre et respectueuse de l&#8217;environnement.<\/p>\r\n<p><strong>Quels sont vos droits en mati\u00e8re de protection des donn\u00e9es\u00a0?<\/strong><\/p>\r\n<p>Vous pouvez nous contacter \u00e0 tout moment pour conna\u00eetre les informations dont nous disposons \u00e0 votre sujet, les rectifier si elles sont incorrectes et les supprimer une fois notre relation termin\u00e9e, si cela est l\u00e9galement possible.<\/p>\r\n<p>Vous avez \u00e9galement le droit de demander le transfert de vos informations \u00e0 une autre entit\u00e9. Ce droit est appel\u00e9 &#8220;portabilit\u00e9&#8221; et peut \u00eatre utile dans certaines situations.<\/p>\r\n<p>Pour demander l&#8217;un de ces droits, vous devez faire une demande \u00e9crite \u00e0 notre adresse, accompagn\u00e9e d&#8217;une photocopie de votre DNI, afin de vous identifier.<\/p>\r\n<p>Dans les bureaux de notre entit\u00e9, nous avons des formulaires sp\u00e9cifiques pour demander ces droits et nous offrons notre aide pour les remplir.<\/p>\r\n<p>Pour en savoir plus sur vos droits en mati\u00e8re de protection des donn\u00e9es, vous pouvez consulter le site Web de l&#8217;Agence espagnole de protection des donn\u00e9es (<a href=\"http:\/\/www.agpd.es\/\" target=\"_blank\" rel=\"noopener\">www.agpd.es<\/a>).<\/p>\r\n<p><strong>Pouvez-vous retirer votre consentement si vous changez d&#8217;avis ult\u00e9rieurement\u00a0?<\/strong><\/p>\r\n<p>Vous pouvez retirer votre consentement si vous changez d&#8217;avis sur l&#8217;utilisation de vos donn\u00e9es \u00e0 tout moment.<\/p>\r\n<p>Ainsi, par exemple, si vous \u00e9tiez autrefois int\u00e9ress\u00e9 \u00e0 recevoir de la publicit\u00e9 sur nos produits ou services, mais que vous ne souhaitez plus recevoir de publicit\u00e9, vous pouvez nous le signaler via le formulaire d&#8217;opposition au traitement disponible dans les bureaux de notre entit\u00e9 .<\/p>\r\n<p><strong>Si vous comprenez que vos droits ont \u00e9t\u00e9 bafou\u00e9s, o\u00f9 pouvez-vous faire une r\u00e9clamation\u00a0?<\/strong><\/p>\r\n<p>Si vous comprenez que vos droits ont \u00e9t\u00e9 n\u00e9glig\u00e9s par notre entit\u00e9, vous pouvez d\u00e9poser une r\u00e9clamation aupr\u00e8s de l&#8217;Agence espagnole de protection des donn\u00e9es, par l&#8217;un des moyens suivants\u00a0:<\/p>\r\n<ul>\r\n<li>Si\u00e8ge \u00e9lectronique\u00a0: www.agpd.es<\/li>\r\n<li>Adresse postale\u00a0:<\/li>\r\n<\/ul>\r\n<p>Agence espagnole de protection des donn\u00e9es<br \/>C\/ Jorge Juan, 6<br \/>28001-Madrid<\/p>\r\n<ul>\r\n<li>Par t\u00e9l\u00e9phone\u00a0:<\/li>\r\n<\/ul>\r\n<p>T\u00e9l. 901 100 099<\/p>\r\n<p>T\u00e9l. 91 266 35 17<\/p>\r\n<p>La formulation d&#8217;une r\u00e9clamation aupr\u00e8s de l&#8217;Agence espagnole de protection des donn\u00e9es n&#8217;entra\u00eene aucun co\u00fbt et l&#8217;assistance d&#8217;un avocat ou d&#8217;un notaire n&#8217;est pas n\u00e9cessaire.<\/p>\r\n<p><strong>Allons-nous cr\u00e9er des profils sur vous\u00a0?<\/strong><\/p>\r\n<p>Notre politique est de ne pas cr\u00e9er de profils sur les utilisateurs de nos services.<\/p>\r\n<p>Cependant, il peut y avoir des situations dans lesquelles, aux fins de fournir le service, commercial ou autre, nous devons cr\u00e9er des profils d&#8217;informations vous concernant. Un exemple pourrait \u00eatre l&#8217;utilisation de votre historique d&#8217;achat ou de services pour pouvoir vous proposer des produits ou services adapt\u00e9s \u00e0 vos go\u00fbts ou besoins.<\/p>\r\n<p>Dans un tel cas, nous appliquerons des mesures de s\u00e9curit\u00e9 efficaces qui prot\u00e8gent vos informations \u00e0 tout moment contre les personnes non autoris\u00e9es qui ont l&#8217;intention de les utiliser pour leur propre b\u00e9n\u00e9fice.<\/p>\r\n<p><strong>Utiliserons-nous vos donn\u00e9es \u00e0 d&#8217;autres fins\u00a0?<\/strong><\/p>\r\n<p>Notre politique est de ne pas utiliser vos donn\u00e9es \u00e0 d&#8217;autres fins que celles que nous vous avons expliqu\u00e9es. Si, toutefois, nous avons besoin d&#8217;utiliser vos donn\u00e9es pour diff\u00e9rentes activit\u00e9s, nous vous demanderons toujours votre autorisation au pr\u00e9alable via des options claires qui vous permettront de d\u00e9cider en la mati\u00e8re.<\/p>\r\n<\/div>\r\n<\/div>\r\n\r\n\r\n","protected":false},"excerpt":{"rendered":"<p>En Europe et en Espagne, il existe des r\u00e9glementations sur la protection des donn\u00e9es con\u00e7ues pour prot\u00e9ger vos informations personnelles qui sont obligatoires pour notre entit\u00e9. Par cons\u00e9quent, il est tr\u00e8s important pour nous que vous compreniez parfaitement ce que nous allons faire avec les donn\u00e9es personnelles que nous demandons. Ainsi, nous serons transparents et [&hellip;]<\/p>\n","protected":false},"author":1,"featured_media":0,"parent":0,"menu_order":0,"comment_status":"closed","ping_status":"closed","template":"","meta":{"footnotes":""},"class_list":["post-4151","page","type-page","status-publish","hentry"],"yoast_head":"<!-- This site is optimized with the Yoast SEO plugin v27.0 - https:\/\/yoast.com\/product\/yoast-seo-wordpress\/ -->\n<title>Politique de confidentialit\u00e9 - GB INMOBILIARIA - REAL ESTATE<\/title>\n<meta name=\"robots\" content=\"index, follow, max-snippet:-1, max-image-preview:large, max-video-preview:-1\" \/>\n<link rel=\"canonical\" href=\"https:\/\/gbinmobiliaria.com\/fr\/politica-privacidad\/\" \/>\n<meta property=\"og:locale\" content=\"fr_FR\" \/>\n<meta property=\"og:type\" content=\"article\" \/>\n<meta property=\"og:title\" content=\"Politique de confidentialit\u00e9 - GB INMOBILIARIA - REAL ESTATE\" \/>\n<meta property=\"og:description\" content=\"En Europe et en Espagne, il existe des r\u00e9glementations sur la protection des donn\u00e9es con\u00e7ues pour prot\u00e9ger vos informations personnelles qui sont obligatoires pour notre entit\u00e9. Par cons\u00e9quent, il est tr\u00e8s important pour nous que vous compreniez parfaitement ce que nous allons faire avec les donn\u00e9es personnelles que nous demandons. Ainsi, nous serons transparents et [&hellip;]\" \/>\n<meta property=\"og:url\" content=\"https:\/\/gbinmobiliaria.com\/fr\/politica-privacidad\/\" \/>\n<meta property=\"og:site_name\" content=\"GB INMOBILIARIA - REAL ESTATE\" \/>\n<meta property=\"article:modified_time\" content=\"2023-02-09T15:29:34+00:00\" \/>\n<meta name=\"twitter:card\" content=\"summary_large_image\" \/>\n<meta name=\"twitter:label1\" content=\"Dur\u00e9e de lecture estim\u00e9e\" \/>\n\t<meta name=\"twitter:data1\" content=\"6 minutes\" \/>\n<script type=\"application\/ld+json\" class=\"yoast-schema-graph\">{\"@context\":\"https:\/\/schema.org\",\"@graph\":[{\"@type\":\"WebPage\",\"@id\":\"https:\/\/gbinmobiliaria.com\/fr\/politica-privacidad\/\",\"url\":\"https:\/\/gbinmobiliaria.com\/fr\/politica-privacidad\/\",\"name\":\"Politique de confidentialit\u00e9 - GB INMOBILIARIA - REAL ESTATE\",\"isPartOf\":{\"@id\":\"https:\/\/gbinmobiliaria.com\/#website\"},\"datePublished\":\"2022-03-25T10:30:53+00:00\",\"dateModified\":\"2023-02-09T15:29:34+00:00\",\"breadcrumb\":{\"@id\":\"https:\/\/gbinmobiliaria.com\/fr\/politica-privacidad\/#breadcrumb\"},\"inLanguage\":\"fr-FR\",\"potentialAction\":[{\"@type\":\"ReadAction\",\"target\":[\"https:\/\/gbinmobiliaria.com\/fr\/politica-privacidad\/\"]}]},{\"@type\":\"BreadcrumbList\",\"@id\":\"https:\/\/gbinmobiliaria.com\/fr\/politica-privacidad\/#breadcrumb\",\"itemListElement\":[{\"@type\":\"ListItem\",\"position\":1,\"name\":\"Portada\",\"item\":\"https:\/\/gbinmobiliaria.com\/en\/\"},{\"@type\":\"ListItem\",\"position\":2,\"name\":\"Politique de confidentialit\u00e9\"}]},{\"@type\":\"WebSite\",\"@id\":\"https:\/\/gbinmobiliaria.com\/#website\",\"url\":\"https:\/\/gbinmobiliaria.com\/\",\"name\":\"GB INMOBILIARIA - REAL ESTATE\",\"description\":\"Inmobiliaria y Servicios inmobiliarios\",\"publisher\":{\"@id\":\"https:\/\/gbinmobiliaria.com\/#organization\"},\"potentialAction\":[{\"@type\":\"SearchAction\",\"target\":{\"@type\":\"EntryPoint\",\"urlTemplate\":\"https:\/\/gbinmobiliaria.com\/?s={search_term_string}\"},\"query-input\":{\"@type\":\"PropertyValueSpecification\",\"valueRequired\":true,\"valueName\":\"search_term_string\"}}],\"inLanguage\":\"fr-FR\"},{\"@type\":\"Organization\",\"@id\":\"https:\/\/gbinmobiliaria.com\/#organization\",\"name\":\"GB INMOBILIARIA - REAL ESTATE\",\"url\":\"https:\/\/gbinmobiliaria.com\/\",\"logo\":{\"@type\":\"ImageObject\",\"inLanguage\":\"fr-FR\",\"@id\":\"https:\/\/gbinmobiliaria.com\/#\/schema\/logo\/image\/\",\"url\":\"https:\/\/gbinmobiliaria.com\/wp-content\/uploads\/2022\/09\/inmo-del-mar.jpg\",\"contentUrl\":\"https:\/\/gbinmobiliaria.com\/wp-content\/uploads\/2022\/09\/inmo-del-mar.jpg\",\"width\":1623,\"height\":865,\"caption\":\"GB INMOBILIARIA - REAL ESTATE\"},\"image\":{\"@id\":\"https:\/\/gbinmobiliaria.com\/#\/schema\/logo\/image\/\"}}]}<\/script>\n<!-- \/ Yoast SEO plugin. -->","yoast_head_json":{"title":"Politique de confidentialit\u00e9 - GB INMOBILIARIA - REAL ESTATE","robots":{"index":"index","follow":"follow","max-snippet":"max-snippet:-1","max-image-preview":"max-image-preview:large","max-video-preview":"max-video-preview:-1"},"canonical":"https:\/\/gbinmobiliaria.com\/fr\/politica-privacidad\/","og_locale":"fr_FR","og_type":"article","og_title":"Politique de confidentialit\u00e9 - GB INMOBILIARIA - REAL ESTATE","og_description":"En Europe et en Espagne, il existe des r\u00e9glementations sur la protection des donn\u00e9es con\u00e7ues pour prot\u00e9ger vos informations personnelles qui sont obligatoires pour notre entit\u00e9. Par cons\u00e9quent, il est tr\u00e8s important pour nous que vous compreniez parfaitement ce que nous allons faire avec les donn\u00e9es personnelles que nous demandons. Ainsi, nous serons transparents et [&hellip;]","og_url":"https:\/\/gbinmobiliaria.com\/fr\/politica-privacidad\/","og_site_name":"GB INMOBILIARIA - REAL ESTATE","article_modified_time":"2023-02-09T15:29:34+00:00","twitter_card":"summary_large_image","twitter_misc":{"Dur\u00e9e de lecture estim\u00e9e":"6 minutes"},"schema":{"@context":"https:\/\/schema.org","@graph":[{"@type":"WebPage","@id":"https:\/\/gbinmobiliaria.com\/fr\/politica-privacidad\/","url":"https:\/\/gbinmobiliaria.com\/fr\/politica-privacidad\/","name":"Politique de confidentialit\u00e9 - GB INMOBILIARIA - REAL ESTATE","isPartOf":{"@id":"https:\/\/gbinmobiliaria.com\/#website"},"datePublished":"2022-03-25T10:30:53+00:00","dateModified":"2023-02-09T15:29:34+00:00","breadcrumb":{"@id":"https:\/\/gbinmobiliaria.com\/fr\/politica-privacidad\/#breadcrumb"},"inLanguage":"fr-FR","potentialAction":[{"@type":"ReadAction","target":["https:\/\/gbinmobiliaria.com\/fr\/politica-privacidad\/"]}]},{"@type":"BreadcrumbList","@id":"https:\/\/gbinmobiliaria.com\/fr\/politica-privacidad\/#breadcrumb","itemListElement":[{"@type":"ListItem","position":1,"name":"Portada","item":"https:\/\/gbinmobiliaria.com\/en\/"},{"@type":"ListItem","position":2,"name":"Politique de confidentialit\u00e9"}]},{"@type":"WebSite","@id":"https:\/\/gbinmobiliaria.com\/#website","url":"https:\/\/gbinmobiliaria.com\/","name":"GB INMOBILIARIA - REAL ESTATE","description":"Inmobiliaria y Servicios inmobiliarios","publisher":{"@id":"https:\/\/gbinmobiliaria.com\/#organization"},"potentialAction":[{"@type":"SearchAction","target":{"@type":"EntryPoint","urlTemplate":"https:\/\/gbinmobiliaria.com\/?s={search_term_string}"},"query-input":{"@type":"PropertyValueSpecification","valueRequired":true,"valueName":"search_term_string"}}],"inLanguage":"fr-FR"},{"@type":"Organization","@id":"https:\/\/gbinmobiliaria.com\/#organization","name":"GB INMOBILIARIA - REAL ESTATE","url":"https:\/\/gbinmobiliaria.com\/","logo":{"@type":"ImageObject","inLanguage":"fr-FR","@id":"https:\/\/gbinmobiliaria.com\/#\/schema\/logo\/image\/","url":"https:\/\/gbinmobiliaria.com\/wp-content\/uploads\/2022\/09\/inmo-del-mar.jpg","contentUrl":"https:\/\/gbinmobiliaria.com\/wp-content\/uploads\/2022\/09\/inmo-del-mar.jpg","width":1623,"height":865,"caption":"GB INMOBILIARIA - REAL ESTATE"},"image":{"@id":"https:\/\/gbinmobiliaria.com\/#\/schema\/logo\/image\/"}}]}},"_links":{"self":[{"href":"https:\/\/gbinmobiliaria.com\/fr\/wp-json\/wp\/v2\/pages\/4151","targetHints":{"allow":["GET"]}}],"collection":[{"href":"https:\/\/gbinmobiliaria.com\/fr\/wp-json\/wp\/v2\/pages"}],"about":[{"href":"https:\/\/gbinmobiliaria.com\/fr\/wp-json\/wp\/v2\/types\/page"}],"author":[{"embeddable":true,"href":"https:\/\/gbinmobiliaria.com\/fr\/wp-json\/wp\/v2\/users\/1"}],"replies":[{"embeddable":true,"href":"https:\/\/gbinmobiliaria.com\/fr\/wp-json\/wp\/v2\/comments?post=4151"}],"version-history":[{"count":4,"href":"https:\/\/gbinmobiliaria.com\/fr\/wp-json\/wp\/v2\/pages\/4151\/revisions"}],"predecessor-version":[{"id":9740,"href":"https:\/\/gbinmobiliaria.com\/fr\/wp-json\/wp\/v2\/pages\/4151\/revisions\/9740"}],"wp:attachment":[{"href":"https:\/\/gbinmobiliaria.com\/fr\/wp-json\/wp\/v2\/media?parent=4151"}],"curies":[{"name":"wp","href":"https:\/\/api.w.org\/{rel}","templated":true}]}}