{"id":4139,"date":"2022-03-25T10:18:53","date_gmt":"2022-03-25T10:18:53","guid":{"rendered":"https:\/\/mercedesconsultinghomes.es\/web\/politica-cookies\/"},"modified":"2023-02-09T15:30:33","modified_gmt":"2023-02-09T15:30:33","slug":"politica-cookies","status":"publish","type":"page","link":"https:\/\/gbinmobiliaria.com\/fr\/politica-cookies\/","title":{"rendered":"Politique de cookies"},"content":{"rendered":"\r\n\r\n\r\n\r\n\r\n<div class=\"wpb_text_column wpb_content_element \">\r\n<div class=\"wpb_wrapper\">\r\n<div class=\"vc_row wpb_row vc_row-fluid vc_custom_1527690588959\">\r\n<div class=\"wpb_column vc_column_container vc_col-sm-12\">\r\n<div class=\"vc_column-inner\">\r\n<div class=\"wpb_wrapper\">\r\n<div class=\"wpb_text_column wpb_content_element \">\r\n<div class=\"wpb_wrapper\">\r\n<p><strong>GB INMOBILIARIA, Inmobiliaria &#8211; Properties<\/strong> informe de l&#8217;utilisation de cookies sur son site\u00a0:<\/p>\r\n<h5 class=\"wp-block-heading\"><strong>Que sont les cookies\u00a0?<\/strong><\/h5>\r\n<p>Les cookies sont des fichiers qui peuvent \u00eatre t\u00e9l\u00e9charg\u00e9s sur votre ordinateur via des pages Web. Ce sont des outils qui jouent un r\u00f4le essentiel dans la fourniture de nombreux services de la soci\u00e9t\u00e9 de l&#8217;information. Entre autres, ils permettent \u00e0 une page Web de stocker et de r\u00e9cup\u00e9rer des informations sur les habitudes de navigation d&#8217;un utilisateur ou de son \u00e9quipement et, en fonction des informations obtenues, ils peuvent \u00eatre utilis\u00e9s pour reconna\u00eetre l&#8217;utilisateur et am\u00e9liorer le service offert.<\/p>\r\n<\/div>\r\n<\/div>\r\n<\/div>\r\n<\/div>\r\n<\/div>\r\n<\/div>\r\n<div class=\"vc_row wpb_row vc_row-fluid vc_custom_1527690601612\">\r\n<div class=\"wpb_column vc_column_container vc_col-sm-12\">\r\n<div class=\"vc_column-inner\">\r\n<div class=\"wpb_wrapper\">\r\n<div class=\"wpb_text_column wpb_content_element \">\r\n<div class=\"wpb_wrapper\">\r\n<h5>\u00a0<\/h5>\r\n<h5><strong>Types de cookies\u00a0:<\/strong><\/h5>\r\n<p>Selon l&#8217;entit\u00e9 qui g\u00e8re le domaine \u00e0 partir duquel les cookies sont envoy\u00e9s et traite les donn\u00e9es obtenues, deux types peuvent \u00eatre distingu\u00e9s\u00a0:<br \/><strong> \u2022\u00a0Propres cookies\u00a0:<\/strong><br \/>Ceux qui sont envoy\u00e9s sur l&#8217;\u00e9quipement terminal de l&#8217;utilisateur \u00e0 partir d&#8217;un ordinateur ou d&#8217;un domaine g\u00e9r\u00e9 par l&#8217;\u00e9diteur lui-m\u00eame et \u00e0 partir duquel le service demand\u00e9 par l&#8217;utilisateur est fourni.<br \/><strong>\u2022 Cookies tiers\u00a0:<\/strong><br \/>Ceux qui sont envoy\u00e9s \u00e0 l&#8217;\u00e9quipement terminal de l&#8217;utilisateur \u00e0 partir d&#8217;un ordinateur ou d&#8217;un domaine qui n&#8217;est pas g\u00e9r\u00e9 par l&#8217;\u00e9diteur, mais par une autre entit\u00e9 qui traite les donn\u00e9es obtenues par le biais de cookies.<br \/>Dans le cas o\u00f9 les cookies sont install\u00e9s \u00e0 partir d&#8217;un ordinateur ou domaine g\u00e9r\u00e9 par l&#8217;\u00e9diteur lui-m\u00eame mais les informations collect\u00e9es par son interm\u00e9diaire sont g\u00e9r\u00e9es par un tiers, ils ne peuvent \u00eatre consid\u00e9r\u00e9s comme ses propres cookies.<br \/>Il existe \u00e9galement un deuxi\u00e8me classement selon la dur\u00e9e pendant laquelle ils restent stock\u00e9s dans navigateur, qui peut \u00eatre de\u00a0:<br \/><strong>\u2022\u00a0Cookies de session\u00a0:<\/strong><br \/>Con\u00e7us pour collecter et stocker des donn\u00e9es lorsque l&#8217;utilisateur acc\u00e8de \u00e0 une page Web. Ils sont g\u00e9n\u00e9ralement utilis\u00e9s pour stocker des informations uniquement int\u00e9ressantes \u00e0 conserver pour la fourniture du service demand\u00e9 par l&#8217;utilisateur en une seule fois (par exemple, une liste de produits achet\u00e9s).<br \/><strong>\u2022 Cookies persistants\u00a0:&lt;\/strong &gt;<br \/>Les donn\u00e9es sont toujours stock\u00e9es dans le terminal et peuvent \u00eatre consult\u00e9es et trait\u00e9es pendant une dur\u00e9e d\u00e9finie par le responsable du cookie, qui peut aller de quelques minutes \u00e0 plusieurs ann\u00e9es.<\/strong><\/p>\r\n<p>Enfin, il existe une autre classification avec six types de cookies selon la finalit\u00e9 pour laquelle les donn\u00e9es obtenues sont trait\u00e9es\u00a0:<br \/><strong>\u2022 Cookies techniques\u00a0:<\/strong><br \/>Ceux qui permettent \u00e0 l&#8217;utilisateur la navigation sur une page Web, une plate-forme ou une application et l&#8217;utilisation des diff\u00e9rentes options ou services qui y existent, comme, par exemple, le contr\u00f4le du trafic et de la communication de donn\u00e9es, l&#8217;identification de la session, l&#8217;acc\u00e8s aux parties \u00e0 acc\u00e8s restreint, la m\u00e9morisation des \u00e9l\u00e9ments qui la composent une commande, effectuer le processus d&#8217;achat d&#8217;une commande, effectuer la demande d&#8217;inscription ou de participation \u00e0 un \u00e9v\u00e9nement, utiliser des \u00e9l\u00e9ments de s\u00e9curit\u00e9 lors de la navigation, stocker du contenu pour la diffusion de vid\u00e9os ou de son ou partager du contenu \u00e0 travers des r\u00e9seaux sociaux.<br \/><strong>\u2022 Cookies de personnalisation\u00a0:<\/strong><br \/>Ils permettent \u00e0 l&#8217;utilisateur d&#8217;acc\u00e9der au service avec certaines caract\u00e9ristiques g\u00e9n\u00e9rales pr\u00e9d\u00e9finies en fonction d&#8217;une s\u00e9rie de crit\u00e8res dans du terminal de l&#8217;utilisateur, comme la langue, le type de navigateur par lequel on acc\u00e8de au service, la configuration r\u00e9gionale \u00e0 partir de laquelle on acc\u00e8de au service, etc.<br \/><strong>\u2022 Cookies d&#8217;analyse\u00a0:<\/strong> <br \/>Ils permettent \u00e0 leur responsable de suivre et d&#8217;analyser le comportement des utilisateurs des sites auxquels ils sont li\u00e9s. Les informations recueillies par ce type de cookies sont utilis\u00e9es pour mesurer l&#8217;activit\u00e9 des sites, applications ou plateformes et pour cr\u00e9er des profils de navigation des utilisateurs desdits sites, applications et plateformes, afin d&#8217;introduire des am\u00e9liorations en fonction de l&#8217;analyse de l&#8217;utilisation. donn\u00e9es r\u00e9alis\u00e9es par les utilisateurs du service.<br \/><strong>\u2022 Cookies publicitaires\u00a0:<\/strong><br \/>Ils permettent la gestion, de la mani\u00e8re la plus efficace possible, des espaces publicitaires. <br \/><strong> Cookies publicitaires comportementaux\u00a0:<br \/><\/strong>Ils stockent des informations sur le comportement des utilisateurs obtenues gr\u00e2ce \u00e0 l&#8217;observation continue de leurs habitudes de navigation, ce qui permet de d\u00e9velopper un profil sp\u00e9cifique pour afficher des publicit\u00e9s bas\u00e9es sur celui-ci.<strong><br \/><strong>\u2022 Cookies de r\u00e9seaux sociaux externes\u00a0:<\/strong><br \/><\/strong>Ils sont utilis\u00e9s pour que les visiteurs puissent interagir avec le contenu des diff\u00e9rentes plateformes sociales (facebook, youtube, twitter, link dIn, etc.) et qui sont g\u00e9n\u00e9r\u00e9s uniquement pour les utilisateurs desdits r\u00e9seaux sociaux. Les conditions d&#8217;utilisation de ces cookies et les informations collect\u00e9es sont r\u00e9gies par la politique de confidentialit\u00e9 de la plateforme sociale correspondante.<\/p>\r\n<\/div>\r\n<\/div>\r\n<\/div>\r\n<\/div>\r\n<\/div>\r\n<\/div>\r\n<div class=\"vc_row wpb_row vc_row-fluid vc_custom_1527690606563\">\r\n<div class=\"wpb_column vc_column_container vc_col-sm-12\">\r\n<div class=\"vc_column-inner\">\r\n<div class=\"wpb_wrapper\">\r\n<div class=\"vc_empty_space\">\u00a0<\/div>\r\n<div class=\"wpb_text_column wpb_content_element \">\r\n<div class=\"wpb_wrapper\">\r\n<h5><strong>D\u00e9sactivation et \u00e9limination des cookies\u00a0:<\/strong><\/h5>\r\n<p>Vous avez la possibilit\u00e9 d&#8217;autoriser, de bloquer ou de supprimer les cookies install\u00e9s sur votre ordinateur en configurant les options du navigateur install\u00e9 sur votre ordinateur. En d\u00e9sactivant les cookies, certains des services disponibles peuvent ne plus \u00eatre op\u00e9rationnels. La fa\u00e7on de d\u00e9sactiver les cookies est diff\u00e9rente pour chaque navigateur, mais cela peut g\u00e9n\u00e9ralement \u00eatre fait \u00e0 partir du menu Outils ou Options. Vous pouvez \u00e9galement consulter le menu Aide du navigateur o\u00f9 vous trouverez des instructions. L&#8217;utilisateur peut \u00e0 tout moment choisir les cookies qu&#8217;il souhaite faire fonctionner sur ce site.<br \/>Vous pouvez autoriser, bloquer ou supprimer les cookies install\u00e9s sur votre ordinateur en configurant les options du navigateur install\u00e9 sur votre ordinateur\u00a0:<br \/>\u2022 Microsoft Internet Explorer ou Microsoft Edge\u00a0: http:\/\/windows.microsoft.com\/es-es\/windows-vista\/Block-or-allow-cookies<br \/>\u2022 Mozilla Firefox\u00a0: http:\/\/support.mozilla.org \/es\/kb\/prevent-websites-saving-your-preferences<br \/>\u2022 Chrome\u00a0: https:\/\/support.google.com\/accounts\/answer\/61416?hl=es<br \/>\u2022 Safari\u00a0: http:\/ \/safari.helpmax.net\/en\/privacy-and-security\/how-to-manage-cookies\/<br \/>\u2022 Opera\u00a0: http:\/\/help.opera.com\/Linux\/10.60\/es-ES\/cookies. html<br \/>En outre, vous pouvez \u00e9galement g\u00e9rer le stockage des cookies dans votre navigateur gr\u00e2ce \u00e0 des outils tels que les suivants<br \/>\u2022 Ghostery\u00a0: www.ghostery.com\/<br \/>\u2022 Your Online Choices\u00a0: www.youronlinechoices .com\/fr\/<\/p>\r\n<\/div>\r\n<\/div>\r\n<\/div>\r\n<\/div>\r\n<\/div>\r\n<\/div>\r\n<div class=\"vc_row wpb_row vc_row-fluid vc_custom_1527690611459\">\r\n<div class=\"wpb_column vc_column_container vc_col-sm-12\">\r\n<div class=\"vc_column-inner\">\r\n<div class=\"wpb_wrapper\">\r\n<div class=\"vc_empty_space\">\u00a0<\/div>\r\n<div class=\"wpb_text_column wpb_content_element \">\r\n<div class=\"wpb_wrapper\">\r\n<h5><strong>Cookies utilis\u00e9s dans\u00a0: <\/strong><\/h5>\r\n<p>Les cookies utilis\u00e9s sur ce portail sont identifi\u00e9s ci-dessous, ainsi que leur type et leur fonction\u00a0:<br \/>L&#8217;acceptation de la politique de cookies suppose que vous acceptez l&#8217;utilisation de cookies. Cependant, il affiche des informations sur sa politique de cookies en bas ou en haut de n&#8217;importe quelle page du portail \u00e0 chaque connexion afin que vous en soyez conscient.<br \/>Compte tenu de ces informations, il est possible d&#8217;effectuer les actions suivantes :<br \/><strong>\u2022 Accepter les cookies:<\/strong><br \/>Cet avis ne s&#8217;affichera plus lors de l&#8217;acc\u00e8s \u00e0 une page du portail au cours de cette session.<br \/><strong>\u2022 Fermer:<\/strong><br \/>L&#8217;avis est cach\u00e9 sur cette page.<br \/><strong>\u2022 Modifiez vos param\u00e8tres\u00a0:<\/strong><br \/>Vous pouvez obtenir plus d&#8217;informations sur ce que sont les cookies, conna\u00eetre la politique de cookies de :<br \/>et modifier les param\u00e8tres de votre navigateur.<\/p>\r\n<\/div>\r\n<\/div>\r\n<\/div>\r\n<\/div>\r\n<\/div>\r\n<\/div>\r\n<\/div>\r\n<\/div>\r\n\r\n\r\n","protected":false},"excerpt":{"rendered":"<p>GB INMOBILIARIA, Inmobiliaria &#8211; Properties informe de l&#8217;utilisation de cookies sur son site\u00a0: Que sont les cookies\u00a0? Les cookies sont des fichiers qui peuvent \u00eatre t\u00e9l\u00e9charg\u00e9s sur votre ordinateur via des pages Web. Ce sont des outils qui jouent un r\u00f4le essentiel dans la fourniture de nombreux services de la soci\u00e9t\u00e9 de l&#8217;information. Entre autres, [&hellip;]<\/p>\n","protected":false},"author":1,"featured_media":0,"parent":0,"menu_order":0,"comment_status":"closed","ping_status":"closed","template":"","meta":{"footnotes":""},"class_list":["post-4139","page","type-page","status-publish","hentry"],"yoast_head":"<!-- This site is optimized with the Yoast SEO plugin v27.0 - https:\/\/yoast.com\/product\/yoast-seo-wordpress\/ -->\n<title>Politique de cookies - GB INMOBILIARIA - REAL ESTATE<\/title>\n<meta name=\"robots\" content=\"index, follow, max-snippet:-1, max-image-preview:large, max-video-preview:-1\" \/>\n<link rel=\"canonical\" href=\"https:\/\/gbinmobiliaria.com\/fr\/politica-cookies\/\" \/>\n<meta property=\"og:locale\" content=\"fr_FR\" \/>\n<meta property=\"og:type\" content=\"article\" \/>\n<meta property=\"og:title\" content=\"Politique de cookies - GB INMOBILIARIA - REAL ESTATE\" \/>\n<meta property=\"og:description\" content=\"GB INMOBILIARIA, Inmobiliaria &#8211; Properties informe de l&#8217;utilisation de cookies sur son site\u00a0: Que sont les cookies\u00a0? Les cookies sont des fichiers qui peuvent \u00eatre t\u00e9l\u00e9charg\u00e9s sur votre ordinateur via des pages Web. Ce sont des outils qui jouent un r\u00f4le essentiel dans la fourniture de nombreux services de la soci\u00e9t\u00e9 de l&#8217;information. Entre autres, [&hellip;]\" \/>\n<meta property=\"og:url\" content=\"https:\/\/gbinmobiliaria.com\/fr\/politica-cookies\/\" \/>\n<meta property=\"og:site_name\" content=\"GB INMOBILIARIA - REAL ESTATE\" \/>\n<meta property=\"article:modified_time\" content=\"2023-02-09T15:30:33+00:00\" \/>\n<meta name=\"twitter:card\" content=\"summary_large_image\" \/>\n<meta name=\"twitter:label1\" content=\"Dur\u00e9e de lecture estim\u00e9e\" \/>\n\t<meta name=\"twitter:data1\" content=\"5 minutes\" \/>\n<script type=\"application\/ld+json\" class=\"yoast-schema-graph\">{\"@context\":\"https:\/\/schema.org\",\"@graph\":[{\"@type\":\"WebPage\",\"@id\":\"https:\/\/gbinmobiliaria.com\/fr\/politica-cookies\/\",\"url\":\"https:\/\/gbinmobiliaria.com\/fr\/politica-cookies\/\",\"name\":\"Politique de cookies - GB INMOBILIARIA - REAL ESTATE\",\"isPartOf\":{\"@id\":\"https:\/\/gbinmobiliaria.com\/#website\"},\"datePublished\":\"2022-03-25T10:18:53+00:00\",\"dateModified\":\"2023-02-09T15:30:33+00:00\",\"breadcrumb\":{\"@id\":\"https:\/\/gbinmobiliaria.com\/fr\/politica-cookies\/#breadcrumb\"},\"inLanguage\":\"fr-FR\",\"potentialAction\":[{\"@type\":\"ReadAction\",\"target\":[\"https:\/\/gbinmobiliaria.com\/fr\/politica-cookies\/\"]}]},{\"@type\":\"BreadcrumbList\",\"@id\":\"https:\/\/gbinmobiliaria.com\/fr\/politica-cookies\/#breadcrumb\",\"itemListElement\":[{\"@type\":\"ListItem\",\"position\":1,\"name\":\"Portada\",\"item\":\"https:\/\/gbinmobiliaria.com\/en\/\"},{\"@type\":\"ListItem\",\"position\":2,\"name\":\"Politique de cookies\"}]},{\"@type\":\"WebSite\",\"@id\":\"https:\/\/gbinmobiliaria.com\/#website\",\"url\":\"https:\/\/gbinmobiliaria.com\/\",\"name\":\"GB INMOBILIARIA - REAL ESTATE\",\"description\":\"Inmobiliaria y Servicios inmobiliarios\",\"publisher\":{\"@id\":\"https:\/\/gbinmobiliaria.com\/#organization\"},\"potentialAction\":[{\"@type\":\"SearchAction\",\"target\":{\"@type\":\"EntryPoint\",\"urlTemplate\":\"https:\/\/gbinmobiliaria.com\/?s={search_term_string}\"},\"query-input\":{\"@type\":\"PropertyValueSpecification\",\"valueRequired\":true,\"valueName\":\"search_term_string\"}}],\"inLanguage\":\"fr-FR\"},{\"@type\":\"Organization\",\"@id\":\"https:\/\/gbinmobiliaria.com\/#organization\",\"name\":\"GB INMOBILIARIA - REAL ESTATE\",\"url\":\"https:\/\/gbinmobiliaria.com\/\",\"logo\":{\"@type\":\"ImageObject\",\"inLanguage\":\"fr-FR\",\"@id\":\"https:\/\/gbinmobiliaria.com\/#\/schema\/logo\/image\/\",\"url\":\"https:\/\/gbinmobiliaria.com\/wp-content\/uploads\/2022\/09\/inmo-del-mar.jpg\",\"contentUrl\":\"https:\/\/gbinmobiliaria.com\/wp-content\/uploads\/2022\/09\/inmo-del-mar.jpg\",\"width\":1623,\"height\":865,\"caption\":\"GB INMOBILIARIA - REAL ESTATE\"},\"image\":{\"@id\":\"https:\/\/gbinmobiliaria.com\/#\/schema\/logo\/image\/\"}}]}<\/script>\n<!-- \/ Yoast SEO plugin. -->","yoast_head_json":{"title":"Politique de cookies - GB INMOBILIARIA - REAL ESTATE","robots":{"index":"index","follow":"follow","max-snippet":"max-snippet:-1","max-image-preview":"max-image-preview:large","max-video-preview":"max-video-preview:-1"},"canonical":"https:\/\/gbinmobiliaria.com\/fr\/politica-cookies\/","og_locale":"fr_FR","og_type":"article","og_title":"Politique de cookies - GB INMOBILIARIA - REAL ESTATE","og_description":"GB INMOBILIARIA, Inmobiliaria &#8211; Properties informe de l&#8217;utilisation de cookies sur son site\u00a0: Que sont les cookies\u00a0? Les cookies sont des fichiers qui peuvent \u00eatre t\u00e9l\u00e9charg\u00e9s sur votre ordinateur via des pages Web. Ce sont des outils qui jouent un r\u00f4le essentiel dans la fourniture de nombreux services de la soci\u00e9t\u00e9 de l&#8217;information. Entre autres, [&hellip;]","og_url":"https:\/\/gbinmobiliaria.com\/fr\/politica-cookies\/","og_site_name":"GB INMOBILIARIA - REAL ESTATE","article_modified_time":"2023-02-09T15:30:33+00:00","twitter_card":"summary_large_image","twitter_misc":{"Dur\u00e9e de lecture estim\u00e9e":"5 minutes"},"schema":{"@context":"https:\/\/schema.org","@graph":[{"@type":"WebPage","@id":"https:\/\/gbinmobiliaria.com\/fr\/politica-cookies\/","url":"https:\/\/gbinmobiliaria.com\/fr\/politica-cookies\/","name":"Politique de cookies - GB INMOBILIARIA - REAL ESTATE","isPartOf":{"@id":"https:\/\/gbinmobiliaria.com\/#website"},"datePublished":"2022-03-25T10:18:53+00:00","dateModified":"2023-02-09T15:30:33+00:00","breadcrumb":{"@id":"https:\/\/gbinmobiliaria.com\/fr\/politica-cookies\/#breadcrumb"},"inLanguage":"fr-FR","potentialAction":[{"@type":"ReadAction","target":["https:\/\/gbinmobiliaria.com\/fr\/politica-cookies\/"]}]},{"@type":"BreadcrumbList","@id":"https:\/\/gbinmobiliaria.com\/fr\/politica-cookies\/#breadcrumb","itemListElement":[{"@type":"ListItem","position":1,"name":"Portada","item":"https:\/\/gbinmobiliaria.com\/en\/"},{"@type":"ListItem","position":2,"name":"Politique de cookies"}]},{"@type":"WebSite","@id":"https:\/\/gbinmobiliaria.com\/#website","url":"https:\/\/gbinmobiliaria.com\/","name":"GB INMOBILIARIA - REAL ESTATE","description":"Inmobiliaria y Servicios inmobiliarios","publisher":{"@id":"https:\/\/gbinmobiliaria.com\/#organization"},"potentialAction":[{"@type":"SearchAction","target":{"@type":"EntryPoint","urlTemplate":"https:\/\/gbinmobiliaria.com\/?s={search_term_string}"},"query-input":{"@type":"PropertyValueSpecification","valueRequired":true,"valueName":"search_term_string"}}],"inLanguage":"fr-FR"},{"@type":"Organization","@id":"https:\/\/gbinmobiliaria.com\/#organization","name":"GB INMOBILIARIA - REAL ESTATE","url":"https:\/\/gbinmobiliaria.com\/","logo":{"@type":"ImageObject","inLanguage":"fr-FR","@id":"https:\/\/gbinmobiliaria.com\/#\/schema\/logo\/image\/","url":"https:\/\/gbinmobiliaria.com\/wp-content\/uploads\/2022\/09\/inmo-del-mar.jpg","contentUrl":"https:\/\/gbinmobiliaria.com\/wp-content\/uploads\/2022\/09\/inmo-del-mar.jpg","width":1623,"height":865,"caption":"GB INMOBILIARIA - REAL ESTATE"},"image":{"@id":"https:\/\/gbinmobiliaria.com\/#\/schema\/logo\/image\/"}}]}},"_links":{"self":[{"href":"https:\/\/gbinmobiliaria.com\/fr\/wp-json\/wp\/v2\/pages\/4139","targetHints":{"allow":["GET"]}}],"collection":[{"href":"https:\/\/gbinmobiliaria.com\/fr\/wp-json\/wp\/v2\/pages"}],"about":[{"href":"https:\/\/gbinmobiliaria.com\/fr\/wp-json\/wp\/v2\/types\/page"}],"author":[{"embeddable":true,"href":"https:\/\/gbinmobiliaria.com\/fr\/wp-json\/wp\/v2\/users\/1"}],"replies":[{"embeddable":true,"href":"https:\/\/gbinmobiliaria.com\/fr\/wp-json\/wp\/v2\/comments?post=4139"}],"version-history":[{"count":8,"href":"https:\/\/gbinmobiliaria.com\/fr\/wp-json\/wp\/v2\/pages\/4139\/revisions"}],"predecessor-version":[{"id":9743,"href":"https:\/\/gbinmobiliaria.com\/fr\/wp-json\/wp\/v2\/pages\/4139\/revisions\/9743"}],"wp:attachment":[{"href":"https:\/\/gbinmobiliaria.com\/fr\/wp-json\/wp\/v2\/media?parent=4139"}],"curies":[{"name":"wp","href":"https:\/\/api.w.org\/{rel}","templated":true}]}}