{"id":4136,"date":"2022-03-25T10:18:53","date_gmt":"2022-03-25T10:18:53","guid":{"rendered":"https:\/\/mercedesconsultinghomes.es\/web\/politica-cookies\/"},"modified":"2023-02-09T15:30:17","modified_gmt":"2023-02-09T15:30:17","slug":"politica-cookies","status":"publish","type":"page","link":"https:\/\/gbinmobiliaria.com\/en\/politica-cookies\/","title":{"rendered":"Cookies policy"},"content":{"rendered":"\r\n\r\n\r\n\r\n\r\n<p><strong>GB INMOBILIARIA, Inmobiliaria &#8211; Properties<\/strong> informs about the use of cookies on its website:<\/p>\r\n<h5 class=\"wp-block-heading\"><strong>What are cookies?<\/strong><\/h5>\r\n<p>Cookies are files that can be downloaded to your computer through web pages. They are tools that play an essential role in the provision of numerous information society services. Among others, they allow a web page to store and retrieve information about the browsing habits of a user or their equipment and, depending on the information obtained, they can be used to recognize the user and improve the service offered.<\/p>\r\n<h5>\u00a0<\/h5>\r\n<h5><strong>Types of cookies:<\/strong><\/h5>\r\n<p>Depending on the entity that manages the domain from which the cookies are sent and processes the data obtained, two types can be distinguished:<br \/><strong> \u2022 Own cookies:<\/strong><br \/>Those that are sent to the user&#8217;s terminal equipment from a computer or domain managed by the editor itself and from which the service requested by the user is provided.<br \/><strong>\u2022 Third-party cookies:<\/strong><br \/>Those that are sent to the user&#8217;s terminal equipment from a computer or domain that is not managed by the publisher, but by another entity that processes the data obtained through cookies.<br \/>In the event that the cookies are installed from a computer or domain managed by the editor itself but the information collected through them is managed by a third party, they cannot be considered as their own cookies.<br \/>There is also a second classification according to the period of time they remain stored in the client&#8217;s browser, which can be de:<br \/><strong>\u2022 Session Cookies:<\/strong><br \/>Designed to collect and store data while the user accesses a web page. They are usually used to store information that is only interesting to keep for the provision of the service requested by the user on a single occasion (eg a list of products purchased).<br \/><strong>\u2022 Persistent cookies:<\/strong><br \/>The data is still stored in the terminal and can be accessed and processed for a period defined by the person responsible for the cookie, which can range from a few minutes to several years.<\/p>\r\n<p>Finally, there is another classification with six types of cookies according to the purpose for which the data obtained is processed:<br \/><strong>\u2022 Technical cookies:<\/strong><br \/>Those that allow the user browsing through a web page, platform or application and the use of the different options or services that exist in it, such as, for example, controlling traffic and data communication, identifying the session, accessing restricted access parts, remember the elements that make up an order, carry out the purchase process of an order, make the request for registration or participation in an event, use security elements during navigation, store content for the dissemination of videos or sound or share content through of social networks.<br \/><strong>\u2022 Personalization cookies:<\/strong><br \/>They allow the user to access the service with some predefined general characteristics based on a series of criteria in the user&#8217;s terminal, such as the language, the type of browser through which the service is accessed, the regional configuration from which the service is accessed, etc.<br \/><strong>\u2022 Analysis cookies:<\/strong> <br \/>They allow the person responsible for them to monitor and analyze the behavior of the users of the websites to which they are linked. The information collected through this type of cookie is used to measure the activity of the websites, applications or platforms and to create browsing profiles of the users of said sites, applications and platforms, in order to introduce improvements in function of the analysis of the usage data made by the users of the service.<br \/><strong>\u2022 Advertising cookies:<\/strong><br \/>They allow the management, in the most efficient way possible, of the advertising spaces. <br \/><strong>\u2022 Behavioral advertising cookies:<\/strong><br \/>They store information on the behavior of users obtained through the continuous observation of their browsing habits, which allows the development of a specific profile to show advertising based on it.<br \/><strong>\u2022 Cookies from external social networks:<\/strong><br \/>They are used so that visitors can interact with the content of different social platforms (facebook, youtube, twitter, link dIn, etc.) and that are generated only for the users of said social networks. The conditions of use of these cookies and the information collected is regulated by the privacy policy of the corresponding social platform.<\/p>\r\n<p>&nbsp;<\/p>\r\n<h5><strong>Desactivaci\u00f3n y eliminaci\u00f3n de cookies:<\/strong><\/h5>\r\n<p>Tienes la opci\u00f3n de permitir, bloquear o eliminar las cookies instaladas en tu equipo mediante la configuraci\u00f3n de las opciones del navegador instalado en su equipo. Al desactivar cookies, algunos de los servicios disponibles podr\u00edan dejar de estar operativos. La forma de deshabilitar las cookies es diferente para cada navegador, pero normalmente puede hacerse desde el men\u00fa Herramientas u Opciones. Tambi\u00e9n puede consultarse el men\u00fa de Ayuda del navegador d\u00f3nde puedes encontrar instrucciones. El usuario podr\u00e1 en cualquier momento elegir qu\u00e9 cookies quiere que funcionen en este sitio web.<br \/>Puede usted permitir, bloquear o eliminar las cookies instaladas en su equipo mediante la configuraci\u00f3n de las opciones del navegador instalado en su ordenador:<br \/>\u2022 Microsoft Internet Explorer o Microsoft Edge: http:\/\/windows.microsoft.com\/es-es\/windows-vista\/Block-or-allow-cookies<br \/>\u2022 Mozilla Firefox: http:\/\/support.mozilla.org\/es\/kb\/impedir-que-los-sitios-web-guarden-sus-preferencia<br \/>\u2022 Chrome: https:\/\/support.google.com\/accounts\/answer\/61416?hl=es<br \/>\u2022 Safari: http:\/\/safari.helpmax.net\/es\/privacidad-y-seguridad\/como-gestionar-las-cookies\/<br \/>\u2022 Opera: http:\/\/help.opera.com\/Linux\/10.60\/es-ES\/cookies.html<br \/>Adem\u00e1s, tambi\u00e9n puede gestionar el almac\u00e9n de cookies en su navegador a trav\u00e9s de herramientas como las siguientes<br \/>\u2022 Ghostery: www.ghostery.com\/<br \/>\u2022 Your Online Choices: www.youronlinechoices.com\/es\/<\/p>\r\n<p>&nbsp;<\/p>\r\n<h5><strong>Cookies utilizadas en:\u00a0<\/strong><\/h5>\r\n<p>A continuaci\u00f3n se identifican las cookies que est\u00e1n siendo utilizadas en este portal as\u00ed como su tipolog\u00eda y funci\u00f3n:<br \/>Aceptaci\u00f3n de la Pol\u00edtica de cookies, asume que usted acepta el uso de cookies. No obstante, muestra informaci\u00f3n sobre su Pol\u00edtica de cookies en la parte inferior o superior de cualquier p\u00e1gina del portal con cada inicio de sesi\u00f3n con el objeto de que usted sea consciente.<br \/>Ante esta informaci\u00f3n es posible llevar a cabo las siguientes acciones:<br \/><strong>\u2022 Aceptar cookies:<\/strong><br \/>No se volver\u00e1 a visualizar este aviso al acceder a cualquier p\u00e1gina del portal durante la presente sesi\u00f3n.<br \/><strong>\u2022 Cerrar:<\/strong><br \/>Se oculta el aviso en la presente p\u00e1gina.<br \/><strong>\u2022 Modificar su configuraci\u00f3n:<\/strong><br \/>Podr\u00e1 obtener m\u00e1s informaci\u00f3n sobre qu\u00e9 son las cookies, conocer la Pol\u00edtica de cookies de:<br \/>y modificar la configuraci\u00f3n de su navegador.<\/p>\r\n\r\n\r\n","protected":false},"excerpt":{"rendered":"<p>GB INMOBILIARIA, Inmobiliaria &#8211; Properties informs about the use of cookies on its website: What are cookies? Cookies are files that can be downloaded to your computer through web pages. They are tools that play an essential role in the provision of numerous information society services. Among others, they allow a web page to store [&hellip;]<\/p>\n","protected":false},"author":1,"featured_media":0,"parent":0,"menu_order":0,"comment_status":"closed","ping_status":"closed","template":"","meta":{"footnotes":""},"class_list":["post-4136","page","type-page","status-publish","hentry"],"yoast_head":"<!-- This site is optimized with the Yoast SEO plugin v27.0 - https:\/\/yoast.com\/product\/yoast-seo-wordpress\/ -->\n<title>Cookies policy - GB INMOBILIARIA - REAL ESTATE<\/title>\n<meta name=\"robots\" content=\"index, follow, max-snippet:-1, max-image-preview:large, max-video-preview:-1\" \/>\n<link rel=\"canonical\" href=\"https:\/\/gbinmobiliaria.com\/en\/politica-cookies\/\" \/>\n<meta property=\"og:locale\" content=\"en_US\" \/>\n<meta property=\"og:type\" content=\"article\" \/>\n<meta property=\"og:title\" content=\"Cookies policy - GB INMOBILIARIA - REAL ESTATE\" \/>\n<meta property=\"og:description\" content=\"GB INMOBILIARIA, Inmobiliaria &#8211; Properties informs about the use of cookies on its website: What are cookies? Cookies are files that can be downloaded to your computer through web pages. They are tools that play an essential role in the provision of numerous information society services. Among others, they allow a web page to store [&hellip;]\" \/>\n<meta property=\"og:url\" content=\"https:\/\/gbinmobiliaria.com\/en\/politica-cookies\/\" \/>\n<meta property=\"og:site_name\" content=\"GB INMOBILIARIA - REAL ESTATE\" \/>\n<meta property=\"article:modified_time\" content=\"2023-02-09T15:30:17+00:00\" \/>\n<meta name=\"twitter:card\" content=\"summary_large_image\" \/>\n<meta name=\"twitter:label1\" content=\"Est. reading time\" \/>\n\t<meta name=\"twitter:data1\" content=\"5 minutes\" \/>\n<script type=\"application\/ld+json\" class=\"yoast-schema-graph\">{\"@context\":\"https:\/\/schema.org\",\"@graph\":[{\"@type\":\"WebPage\",\"@id\":\"https:\/\/gbinmobiliaria.com\/en\/politica-cookies\/\",\"url\":\"https:\/\/gbinmobiliaria.com\/en\/politica-cookies\/\",\"name\":\"Cookies policy - GB INMOBILIARIA - REAL ESTATE\",\"isPartOf\":{\"@id\":\"https:\/\/gbinmobiliaria.com\/#website\"},\"datePublished\":\"2022-03-25T10:18:53+00:00\",\"dateModified\":\"2023-02-09T15:30:17+00:00\",\"breadcrumb\":{\"@id\":\"https:\/\/gbinmobiliaria.com\/en\/politica-cookies\/#breadcrumb\"},\"inLanguage\":\"en-US\",\"potentialAction\":[{\"@type\":\"ReadAction\",\"target\":[\"https:\/\/gbinmobiliaria.com\/en\/politica-cookies\/\"]}]},{\"@type\":\"BreadcrumbList\",\"@id\":\"https:\/\/gbinmobiliaria.com\/en\/politica-cookies\/#breadcrumb\",\"itemListElement\":[{\"@type\":\"ListItem\",\"position\":1,\"name\":\"Portada\",\"item\":\"https:\/\/gbinmobiliaria.com\/en\/\"},{\"@type\":\"ListItem\",\"position\":2,\"name\":\"Cookies policy\"}]},{\"@type\":\"WebSite\",\"@id\":\"https:\/\/gbinmobiliaria.com\/#website\",\"url\":\"https:\/\/gbinmobiliaria.com\/\",\"name\":\"GB INMOBILIARIA - REAL ESTATE\",\"description\":\"Inmobiliaria y Servicios inmobiliarios\",\"publisher\":{\"@id\":\"https:\/\/gbinmobiliaria.com\/#organization\"},\"potentialAction\":[{\"@type\":\"SearchAction\",\"target\":{\"@type\":\"EntryPoint\",\"urlTemplate\":\"https:\/\/gbinmobiliaria.com\/?s={search_term_string}\"},\"query-input\":{\"@type\":\"PropertyValueSpecification\",\"valueRequired\":true,\"valueName\":\"search_term_string\"}}],\"inLanguage\":\"en-US\"},{\"@type\":\"Organization\",\"@id\":\"https:\/\/gbinmobiliaria.com\/#organization\",\"name\":\"GB INMOBILIARIA - REAL ESTATE\",\"url\":\"https:\/\/gbinmobiliaria.com\/\",\"logo\":{\"@type\":\"ImageObject\",\"inLanguage\":\"en-US\",\"@id\":\"https:\/\/gbinmobiliaria.com\/#\/schema\/logo\/image\/\",\"url\":\"https:\/\/gbinmobiliaria.com\/wp-content\/uploads\/2022\/09\/inmo-del-mar.jpg\",\"contentUrl\":\"https:\/\/gbinmobiliaria.com\/wp-content\/uploads\/2022\/09\/inmo-del-mar.jpg\",\"width\":1623,\"height\":865,\"caption\":\"GB INMOBILIARIA - REAL ESTATE\"},\"image\":{\"@id\":\"https:\/\/gbinmobiliaria.com\/#\/schema\/logo\/image\/\"}}]}<\/script>\n<!-- \/ Yoast SEO plugin. -->","yoast_head_json":{"title":"Cookies policy - GB INMOBILIARIA - REAL ESTATE","robots":{"index":"index","follow":"follow","max-snippet":"max-snippet:-1","max-image-preview":"max-image-preview:large","max-video-preview":"max-video-preview:-1"},"canonical":"https:\/\/gbinmobiliaria.com\/en\/politica-cookies\/","og_locale":"en_US","og_type":"article","og_title":"Cookies policy - GB INMOBILIARIA - REAL ESTATE","og_description":"GB INMOBILIARIA, Inmobiliaria &#8211; Properties informs about the use of cookies on its website: What are cookies? Cookies are files that can be downloaded to your computer through web pages. They are tools that play an essential role in the provision of numerous information society services. Among others, they allow a web page to store [&hellip;]","og_url":"https:\/\/gbinmobiliaria.com\/en\/politica-cookies\/","og_site_name":"GB INMOBILIARIA - REAL ESTATE","article_modified_time":"2023-02-09T15:30:17+00:00","twitter_card":"summary_large_image","twitter_misc":{"Est. reading time":"5 minutes"},"schema":{"@context":"https:\/\/schema.org","@graph":[{"@type":"WebPage","@id":"https:\/\/gbinmobiliaria.com\/en\/politica-cookies\/","url":"https:\/\/gbinmobiliaria.com\/en\/politica-cookies\/","name":"Cookies policy - GB INMOBILIARIA - REAL ESTATE","isPartOf":{"@id":"https:\/\/gbinmobiliaria.com\/#website"},"datePublished":"2022-03-25T10:18:53+00:00","dateModified":"2023-02-09T15:30:17+00:00","breadcrumb":{"@id":"https:\/\/gbinmobiliaria.com\/en\/politica-cookies\/#breadcrumb"},"inLanguage":"en-US","potentialAction":[{"@type":"ReadAction","target":["https:\/\/gbinmobiliaria.com\/en\/politica-cookies\/"]}]},{"@type":"BreadcrumbList","@id":"https:\/\/gbinmobiliaria.com\/en\/politica-cookies\/#breadcrumb","itemListElement":[{"@type":"ListItem","position":1,"name":"Portada","item":"https:\/\/gbinmobiliaria.com\/en\/"},{"@type":"ListItem","position":2,"name":"Cookies policy"}]},{"@type":"WebSite","@id":"https:\/\/gbinmobiliaria.com\/#website","url":"https:\/\/gbinmobiliaria.com\/","name":"GB INMOBILIARIA - REAL ESTATE","description":"Inmobiliaria y Servicios inmobiliarios","publisher":{"@id":"https:\/\/gbinmobiliaria.com\/#organization"},"potentialAction":[{"@type":"SearchAction","target":{"@type":"EntryPoint","urlTemplate":"https:\/\/gbinmobiliaria.com\/?s={search_term_string}"},"query-input":{"@type":"PropertyValueSpecification","valueRequired":true,"valueName":"search_term_string"}}],"inLanguage":"en-US"},{"@type":"Organization","@id":"https:\/\/gbinmobiliaria.com\/#organization","name":"GB INMOBILIARIA - REAL ESTATE","url":"https:\/\/gbinmobiliaria.com\/","logo":{"@type":"ImageObject","inLanguage":"en-US","@id":"https:\/\/gbinmobiliaria.com\/#\/schema\/logo\/image\/","url":"https:\/\/gbinmobiliaria.com\/wp-content\/uploads\/2022\/09\/inmo-del-mar.jpg","contentUrl":"https:\/\/gbinmobiliaria.com\/wp-content\/uploads\/2022\/09\/inmo-del-mar.jpg","width":1623,"height":865,"caption":"GB INMOBILIARIA - REAL ESTATE"},"image":{"@id":"https:\/\/gbinmobiliaria.com\/#\/schema\/logo\/image\/"}}]}},"_links":{"self":[{"href":"https:\/\/gbinmobiliaria.com\/en\/wp-json\/wp\/v2\/pages\/4136","targetHints":{"allow":["GET"]}}],"collection":[{"href":"https:\/\/gbinmobiliaria.com\/en\/wp-json\/wp\/v2\/pages"}],"about":[{"href":"https:\/\/gbinmobiliaria.com\/en\/wp-json\/wp\/v2\/types\/page"}],"author":[{"embeddable":true,"href":"https:\/\/gbinmobiliaria.com\/en\/wp-json\/wp\/v2\/users\/1"}],"replies":[{"embeddable":true,"href":"https:\/\/gbinmobiliaria.com\/en\/wp-json\/wp\/v2\/comments?post=4136"}],"version-history":[{"count":6,"href":"https:\/\/gbinmobiliaria.com\/en\/wp-json\/wp\/v2\/pages\/4136\/revisions"}],"predecessor-version":[{"id":9742,"href":"https:\/\/gbinmobiliaria.com\/en\/wp-json\/wp\/v2\/pages\/4136\/revisions\/9742"}],"wp:attachment":[{"href":"https:\/\/gbinmobiliaria.com\/en\/wp-json\/wp\/v2\/media?parent=4136"}],"curies":[{"name":"wp","href":"https:\/\/api.w.org\/{rel}","templated":true}]}}